{"id":1322,"date":"2022-02-24T05:02:56","date_gmt":"2022-02-24T03:02:56","guid":{"rendered":"https:\/\/uus.osaservice.ee\/home\/"},"modified":"2025-02-28T14:24:04","modified_gmt":"2025-02-28T12:24:04","slug":"avaleht","status":"publish","type":"page","link":"https:\/\/osaservice.ee\/et\/","title":{"rendered":"Avaleht"},"content":{"rendered":"\n<div class=\"wp-block-uagb-container uagb-block-26450a2d alignfull uagb-is-root-container\"><div class=\"uagb-container-inner-blocks-wrap\">\n<div class=\"wp-block-uagb-info-box uagb-block-3cf41304 uagb-infobox__content-wrap  uagb-infobox-icon-above-title uagb-infobox-image-valign-top\"><div class=\"uagb-ifb-content\"><div class=\"uagb-ifb-title-wrap\"><h1 class=\"uagb-ifb-title\">P\u00f5hja-Euroopa suurim ringmajanduse projekt<\/h1><\/div><p class=\"uagb-ifb-desc\">Ida-Virumaale on ladestatud ligi 600 miljonit tonni p\u00f5levkivituhka. Ragn-Sells on v\u00e4lja t\u00f6\u00f6tanud lahenduse, mis muudab need tuhad \u00fclipuhtaks kaltsiumkarbonaadiks, sidudes seejuures materjali ka suures koguses s\u00fcsinikdioksiidi.<br><br><\/p><\/div><\/div>\n<\/div><\/div>\n\n\n\n<div class=\"wp-block-uagb-container uagb-block-78e679d0 alignfull uagb-is-root-container\"><div class=\"uagb-container-inner-blocks-wrap\">\n<div class=\"wp-block-uagb-container uagb-block-4ebb2a93\">\n<div class=\"wp-block-uagb-info-box uagb-block-4494ca89 uagb-infobox__content-wrap  uagb-infobox-icon-above-title uagb-infobox-image-valign-top\"><div class=\"uagb-ifb-content\"><div class=\"uagb-ifb-image-content\"><img decoding=\"async\" src=\"https:\/\/osaservice.ee\/wp-content\/uploads\/2023\/07\/OSA_Service_icons-07-150x150.png\" alt=\"\" width=\"\" height=\"0\" loading=\"lazy\"\/><\/div><div class=\"uagb-ifb-title-wrap\"><h2 class=\"uagb-ifb-title\">Eesti ringmajanduse edulugu<\/h2><\/div><p class=\"uagb-ifb-desc\">Kujutage ette maailma, kus j\u00e4\u00e4tmed ei ole enam probleem, vaid v\u00e4\u00e4rtuslik ressurss &#8211; p\u00f5levkivituha v\u00e4\u00e4rindamine on selle unistuse elluviimise revolutsiooniline samm.<\/p><div class=\"uagb-ifb-button-wrapper wp-block-button\"><a href=\"https:\/\/osaservice.ee\/tuhamagede-vaarindamine\/\" class=\"uagb-infobox-cta-link wp-block-button__link\" target=\"_self\" rel=\"noopener noreferrer\" onclick=\"return true;\" alt=\"\"><span class=\"uagb-inline-editing\">Tuham\u00e4gede v\u00e4\u00e4rindamine<\/span><\/a><\/div><\/div><\/div>\n<\/div>\n\n\n\n<div class=\"wp-block-uagb-container uagb-block-5e05d56b\">\n<div class=\"wp-block-uagb-info-box uagb-block-cd89d63a uagb-infobox__content-wrap  uagb-infobox-icon-above-title uagb-infobox-image-valign-top\"><div class=\"uagb-ifb-content\"><div class=\"uagb-ifb-image-content\"><img decoding=\"async\" src=\"https:\/\/osaservice.ee\/wp-content\/uploads\/2023\/07\/OSA_Service_icons-08-150x150.png\" alt=\"\" width=\"\" height=\"0\" loading=\"lazy\"\/><\/div><div class=\"uagb-ifb-title-wrap\"><h2 class=\"uagb-ifb-title\">Kliimaneutraalne tootmisprotsess<\/h2><\/div><p class=\"uagb-ifb-desc\">Tutvuge p\u00f5levkivituha v\u00e4\u00e4rindamisega &#8211; protsessiga, mis muudab t\u00f6\u00f6stuslikud j\u00e4\u00e4tmed v\u00e4\u00e4rtuslikuks tooraineks, v\u00e4hendades samal ajal uute materjalide kaevandamist.<\/p><div class=\"uagb-ifb-button-wrapper wp-block-button\"><a href=\"https:\/\/osaservice.ee\/tootmine\/\" class=\"uagb-infobox-cta-link wp-block-button__link\" target=\"_self\" rel=\"noopener noreferrer\" onclick=\"return true;\" alt=\"\"><span class=\"uagb-inline-editing\">Tootmine<\/span><\/a><\/div><\/div><\/div>\n<\/div>\n\n\n\n<div class=\"wp-block-uagb-container uagb-block-8e3d0fc5\">\n<div class=\"wp-block-uagb-info-box uagb-block-6b7b3fdc uagb-infobox__content-wrap  uagb-infobox-icon-above-title uagb-infobox-image-valign-top\"><div class=\"uagb-ifb-content\"><div class=\"uagb-ifb-image-content\"><img decoding=\"async\" src=\"https:\/\/osaservice.ee\/wp-content\/uploads\/2023\/07\/OSA_Service_icons-09-150x150.png\" alt=\"\" width=\"\" height=\"0\" loading=\"lazy\"\/><\/div><div class=\"uagb-ifb-title-wrap\"><h2 class=\"uagb-ifb-title\">J\u00e4\u00e4tmetest v\u00e4\u00e4rtuslike toodeteni<\/h2><\/div><p class=\"uagb-ifb-desc\">Meie innovaatiline l\u00e4henemine muudab p\u00f5levkivituha \u00fclipuhasteks toodeteks nagu kliimaneutraalne kaltsiumkarbonaat ja lubiv\u00e4etis.<\/p><div class=\"uagb-ifb-button-wrapper wp-block-button\"><a href=\"https:\/\/osaservice.ee\/tooted\/\" class=\"uagb-infobox-cta-link wp-block-button__link\" target=\"_self\" rel=\"noopener noreferrer\" onclick=\"return true;\" alt=\"\"><span class=\"uagb-inline-editing\">Tooted<\/span><\/a><\/div><\/div><\/div>\n<\/div>\n<\/div><\/div>\n\n\n\n\t\t\t<div class=\"wp-block-uagb-post-grid uagb-post-grid  uagb-post__image-position-top uagb-post__image-enabled uagb-block-45af05c2     uagb-post__items uagb-post__columns-2 is-grid uagb-post__columns-tablet-2 uagb-post__columns-mobile-1 uagb-post__equal-height uagb-equal_height_inline-read-more-buttons\" data-total=\"13\" style=\"\">\n\n\t\t\t\t\t\t\t\t\t\t\t\t<article class=\"uagb-post__inner-wrap\">\t\t\t\t\t\t\t\t<h4 class=\"uagb-post__title uagb-post__text\">\n\t\t\t\t<a href=\"https:\/\/osaservice.ee\/et\/uncategorized\/narva-demotehase-leping-on-solmitud\/\" target=\"_self\" rel=\"bookmark noopener noreferrer\">Narva demotehase leping on s\u00f5lmitud<\/a>\n\t\t\t<\/h4>\n\t\t\t\t\t\t<div class='uagb-post__text uagb-post-grid-byline'>\n\t\t\t\t\t\t\t\t<time datetime=\"2025-07-08T13:55:01+02:00\" class=\"uagb-post__date\">\n\t\t\t\t\t\t\t\t\t8. juuli 2025\t\t\t\t<\/time>\n\t\t\t\t\t\t<\/div>\n\t\t\t\t\t\t\t<div class='uagb-post__text uagb-post__excerpt'>\n\t\t\t\t\t<p>Ragn-Sells gruppi kuuluv R-S OSA Service allkirjastas rendilepingu Ida-Viru Investeeringute Agentuuriga (IVIA), mille p\u00f5hjal alustab&#8230;\t\t\t\t<\/div>\n\t\t\t\t\t\t<div class=\"uagb-post__text uagb-post__cta wp-block-button\">\n\t\t\t\t<a class=\"wp-block-button__link uagb-text-link\" style=\"\" href=\"https:\/\/osaservice.ee\/et\/uncategorized\/narva-demotehase-leping-on-solmitud\/\" target=\"_self\" rel=\"bookmark noopener noreferrer\">Loe edasi<\/a>\n\t\t\t<\/div>\n\t\t\t\n\t\t\t\t\t\t\t\t\t<\/article>\n\t\t\t\t\t\t\t\t\t\t\t\t\t\t\t\t<article class=\"uagb-post__inner-wrap\">\t\t\t\t\t\t\t\t<div class='uagb-post__image'>\n\t\t\t\t\t\t\t\t\t<a href=\"https:\/\/osaservice.ee\/et\/tooted\/testid-onnestusid-polevkivituhast-saab-toota-varvi\/\" target=\"_self\" rel=\"bookmark noopener noreferrer\" class='uagb-image-ratio-inherit'><img loading=\"lazy\" decoding=\"async\" width=\"1024\" height=\"643\" src=\"https:\/\/osaservice.ee\/wp-content\/uploads\/2024\/02\/AdobeStock_642953345-1024x643.jpeg\" class=\"attachment-large size-large\" alt=\"\" srcset=\"https:\/\/osaservice.ee\/wp-content\/uploads\/2024\/02\/AdobeStock_642953345-1024x643.jpeg 1024w, https:\/\/osaservice.ee\/wp-content\/uploads\/2024\/02\/AdobeStock_642953345-300x188.jpeg 300w, https:\/\/osaservice.ee\/wp-content\/uploads\/2024\/02\/AdobeStock_642953345-768x483.jpeg 768w, https:\/\/osaservice.ee\/wp-content\/uploads\/2024\/02\/AdobeStock_642953345-1536x965.jpeg 1536w, https:\/\/osaservice.ee\/wp-content\/uploads\/2024\/02\/AdobeStock_642953345-2048x1287.jpeg 2048w, https:\/\/osaservice.ee\/wp-content\/uploads\/2024\/02\/AdobeStock_642953345-18x12.jpeg 18w\" sizes=\"auto, (max-width: 1024px) 100vw, 1024px\" \/>\t\t\t\t\t<\/a>\n\t\t\t\t\t\t\t<\/div>\n\t\t\t\t\t\t<h4 class=\"uagb-post__title uagb-post__text\">\n\t\t\t\t<a href=\"https:\/\/osaservice.ee\/et\/tooted\/testid-onnestusid-polevkivituhast-saab-toota-varvi\/\" target=\"_self\" rel=\"bookmark noopener noreferrer\">Testid \u00f5nnestusid: P\u00f5levkivituhast saab toota v\u00e4rvi<\/a>\n\t\t\t<\/h4>\n\t\t\t\t\t\t<div class='uagb-post__text uagb-post-grid-byline'>\n\t\t\t\t\t\t\t\t<time datetime=\"2024-03-07T07:30:00+02:00\" class=\"uagb-post__date\">\n\t\t\t\t\t\t\t\t\t7. m\u00e4rts 2024\t\t\t\t<\/time>\n\t\t\t\t\t\t<\/div>\n\t\t\t\t\t\t\t<div class='uagb-post__text uagb-post__excerpt'>\n\t\t\t\t\tFotol: Esimene v\u00e4rvipukpurk ja tester, mis kinnitavad, et p\u00f5levkivituhk sobib valge pulberv\u00e4rvi tootmiseks.\t\t\t\t<\/div>\n\t\t\t\t\t\t<div class=\"uagb-post__text uagb-post__cta wp-block-button\">\n\t\t\t\t<a class=\"wp-block-button__link uagb-text-link\" style=\"\" href=\"https:\/\/osaservice.ee\/et\/tooted\/testid-onnestusid-polevkivituhast-saab-toota-varvi\/\" target=\"_self\" rel=\"bookmark noopener noreferrer\">Loe edasi<\/a>\n\t\t\t<\/div>\n\t\t\t\n\t\t\t\t\t\t\t\t\t<\/article>\n\t\t\t\t\t\t\t\t\t\t\t<\/div>\n\t\t\t\n\n\n<div class=\"wp-block-uagb-container uagb-block-276ef410 alignfull uagb-is-root-container\"><div class=\"uagb-container-inner-blocks-wrap\">\n<div class=\"wp-block-uagb-info-box uagb-block-e52f81d4 uagb-infobox__content-wrap  uagb-infobox-icon-above-title uagb-infobox-image-valign-top\"><div class=\"uagb-ifb-content\"><div class=\"uagb-ifb-title-wrap\"><h1 class=\"uagb-ifb-title\">Tutvu meie maailmamuutva tiimiga<\/h1><\/div><div class=\"uagb-ifb-button-wrapper wp-block-button\"><a href=\"https:\/\/osaservice.ee\/kontakt\/\" class=\"uagb-infobox-cta-link wp-block-button__link\" target=\"_self\" rel=\"noopener noreferrer\" onclick=\"return true;\" alt=\"\"><span class=\"uagb-inline-editing\">Kontakt<\/span><\/a><\/div><\/div><\/div>\n<\/div><\/div>\n\n\n\n<div style=\"height:36px\" aria-hidden=\"true\" class=\"wp-block-spacer\"><\/div>\n\n\n\n<div class=\"wp-block-uagb-container uagb-block-3970ae32 alignfull uagb-is-root-container\"><div class=\"uagb-container-inner-blocks-wrap\">\n<div class=\"wp-block-uagb-container uagb-block-80049463\">\n<div class=\"wp-block-uagb-info-box uagb-block-0d282c16 uagb-infobox__content-wrap  uagb-infobox-icon-above-title uagb-infobox-image-valign-top\"><div class=\"uagb-ifb-content\"><div class=\"uagb-ifb-icon-wrap\"><svg xmlns=\"https:\/\/www.w3.org\/2000\/svg\" viewBox=\"0 0 512 512\"><path d=\"M0 256C0 114.6 114.6 0 256 0C397.4 0 512 114.6 512 256C512 397.4 397.4 512 256 512C114.6 512 0 397.4 0 256zM371.8 211.8C382.7 200.9 382.7 183.1 371.8 172.2C360.9 161.3 343.1 161.3 332.2 172.2L224 280.4L179.8 236.2C168.9 225.3 151.1 225.3 140.2 236.2C129.3 247.1 129.3 264.9 140.2 275.8L204.2 339.8C215.1 350.7 232.9 350.7 243.8 339.8L371.8 211.8z\"><\/path><\/svg><\/div><div class=\"uagb-ifb-title-wrap\"><\/div><p class=\"uagb-ifb-desc\"><strong>EUROOPA LIIT TOETAB  DEMOTEHASE RAJAMIST IDA-VIRUMAALE<\/strong><br>Demotehase eesm\u00e4rgiks on valideerida l\u00f5plik tootmisprotsess ja tehnoloogia enne l\u00f5pliku kommertstehase valmimist. Demotehase toodang suunatakse l\u00f5ppkasutajatele, et testida tootemomadusi ja disainida arenduskoost\u00f6\u00f6st l\u00e4htuvalt l\u00f5pptooted. Euroopa \u00dchtekuuluvusfond toetab p\u00f5levikivtuhkade v\u00e4\u00e4rindamise demotehase rajamist 1 327 261,50 euroga.<\/p><\/div><\/div>\n<\/div>\n\n\n\n<div class=\"wp-block-uagb-container uagb-block-431e8615\">\n<div class=\"wp-block-uagb-info-box uagb-block-7a79c37a uagb-infobox__content-wrap  uagb-infobox-icon-above-title uagb-infobox-image-valign-top\"><div class=\"uagb-ifb-content\"><div class=\"uagb-ifb-icon-wrap\"><svg xmlns=\"https:\/\/www.w3.org\/2000\/svg\" viewBox=\"0 0 512 512\"><path d=\"M0 256C0 114.6 114.6 0 256 0C397.4 0 512 114.6 512 256C512 397.4 397.4 512 256 512C114.6 512 0 397.4 0 256zM371.8 211.8C382.7 200.9 382.7 183.1 371.8 172.2C360.9 161.3 343.1 161.3 332.2 172.2L224 280.4L179.8 236.2C168.9 225.3 151.1 225.3 140.2 236.2C129.3 247.1 129.3 264.9 140.2 275.8L204.2 339.8C215.1 350.7 232.9 350.7 243.8 339.8L371.8 211.8z\"><\/path><\/svg><\/div><div class=\"uagb-ifb-title-wrap\"><\/div><p class=\"uagb-ifb-desc\"><strong>EL \u00dcHTEKUULUVUSFOND KAASRAHASTAB P\u00d5LEVIKIVITUHKADEST V\u00c4\u00c4RINDATUD KALTSIUMKARBONAADI TOOTEARENDUST<\/strong><br>&nbsp;EL \u00dchtekuuluvusfond rahastab p\u00f5levkivituhkade v\u00e4\u00e4rindamise teadus- ja rakendusuuringute &nbsp;l\u00e4biviimist. Toetuse eesm\u00e4rgiks on toetada sadestatud kaltsiumkarbonaadi tootearenduset. Toetuse suurus on <br>1 004 229,00 eurot.<br><\/p><\/div><\/div>\n<\/div>\n<\/div><\/div>\n\n\n\n<div class=\"wp-block-uagb-container uagb-block-1d1b8384 alignfull uagb-is-root-container\"><div class=\"uagb-container-inner-blocks-wrap\">\n<div class=\"wp-block-uagb-container uagb-block-48550938\">\n<div class=\"wp-block-uagb-image uagb-block-1251c33c wp-block-uagb-image--layout-default wp-block-uagb-image--effect-static wp-block-uagb-image--align-none\"><figure class=\"wp-block-uagb-image__figure\"><img decoding=\"async\" srcset=\"https:\/\/osaservice.ee\/wp-content\/uploads\/2024\/04\/kaasrahastab_euroopa_liit_200X250.png \" sizes=\"auto, (max-width: 480px) 150px\" src=\"https:\/\/osaservice.ee\/wp-content\/uploads\/2024\/04\/kaasrahastab_euroopa_liit_200X250.png\" alt=\"\" class=\"uag-image-2533\" width=\"218\" height=\"109\" title=\"\" loading=\"lazy\"\/><\/figure><\/div>\n<\/div>\n\n\n\n<div class=\"wp-block-uagb-container uagb-block-0acee016\">\n<div class=\"wp-block-uagb-image uagb-block-59f644fe wp-block-uagb-image--layout-default wp-block-uagb-image--effect-static wp-block-uagb-image--align-none\"><figure class=\"wp-block-uagb-image__figure\"><img decoding=\"async\" srcset=\"https:\/\/osaservice.ee\/wp-content\/uploads\/2024\/04\/kaasrahastab_euroopa_liit_200X250.png \" sizes=\"auto, (max-width: 480px) 150px\" src=\"https:\/\/osaservice.ee\/wp-content\/uploads\/2024\/04\/kaasrahastab_euroopa_liit_200X250.png\" alt=\"\" class=\"uag-image-2533\" width=\"214\" height=\"107\" title=\"\" loading=\"lazy\"\/><\/figure><\/div>\n<\/div>\n<\/div><\/div>\n","protected":false},"excerpt":{"rendered":"","protected":false},"author":2,"featured_media":0,"parent":0,"menu_order":0,"comment_status":"closed","ping_status":"closed","template":"","meta":{"_uag_custom_page_level_css":"","site-sidebar-layout":"no-sidebar","site-content-layout":"page-builder","ast-site-content-layout":"default","site-content-style":"default","site-sidebar-style":"default","ast-global-header-display":"","ast-banner-title-visibility":"","ast-main-header-display":"","ast-hfb-above-header-display":"","ast-hfb-below-header-display":"","ast-hfb-mobile-header-display":"","site-post-title":"disabled","ast-breadcrumbs-content":"","ast-featured-img":"disabled","footer-sml-layout":"","ast-disable-related-posts":"","theme-transparent-header-meta":"enabled","adv-header-id-meta":"","stick-header-meta":"","header-above-stick-meta":"","header-main-stick-meta":"","header-below-stick-meta":"","astra-migrate-meta-layouts":"default","ast-page-background-enabled":"default","ast-page-background-meta":{"desktop":{"background-color":"var(--ast-global-color-4)","background-image":"","background-repeat":"repeat","background-position":"center center","background-size":"auto","background-attachment":"scroll","background-type":"","background-media":"","overlay-type":"","overlay-color":"","overlay-opacity":"","overlay-gradient":""},"tablet":{"background-color":"","background-image":"","background-repeat":"repeat","background-position":"center center","background-size":"auto","background-attachment":"scroll","background-type":"","background-media":"","overlay-type":"","overlay-color":"","overlay-opacity":"","overlay-gradient":""},"mobile":{"background-color":"","background-image":"","background-repeat":"repeat","background-position":"center center","background-size":"auto","background-attachment":"scroll","background-type":"","background-media":"","overlay-type":"","overlay-color":"","overlay-opacity":"","overlay-gradient":""}},"ast-content-background-meta":{"desktop":{"background-color":"var(--ast-global-color-5)","background-image":"","background-repeat":"repeat","background-position":"center center","background-size":"auto","background-attachment":"scroll","background-type":"","background-media":"","overlay-type":"","overlay-color":"","overlay-opacity":"","overlay-gradient":""},"tablet":{"background-color":"var(--ast-global-color-5)","background-image":"","background-repeat":"repeat","background-position":"center center","background-size":"auto","background-attachment":"scroll","background-type":"","background-media":"","overlay-type":"","overlay-color":"","overlay-opacity":"","overlay-gradient":""},"mobile":{"background-color":"var(--ast-global-color-5)","background-image":"","background-repeat":"repeat","background-position":"center center","background-size":"auto","background-attachment":"scroll","background-type":"","background-media":"","overlay-type":"","overlay-color":"","overlay-opacity":"","overlay-gradient":""}},"footnotes":""},"class_list":["post-1322","page","type-page","status-publish","hentry"],"uagb_featured_image_src":{"full":false,"thumbnail":false,"medium":false,"medium_large":false,"large":false,"1536x1536":false,"2048x2048":false,"trp-custom-language-flag":false},"uagb_author_info":{"display_name":"Rainer Pesti","author_link":"https:\/\/osaservice.ee\/et\/author\/rainer\/"},"uagb_comment_info":0,"uagb_excerpt":null,"_links":{"self":[{"href":"https:\/\/osaservice.ee\/et\/wp-json\/wp\/v2\/pages\/1322","targetHints":{"allow":["GET"]}}],"collection":[{"href":"https:\/\/osaservice.ee\/et\/wp-json\/wp\/v2\/pages"}],"about":[{"href":"https:\/\/osaservice.ee\/et\/wp-json\/wp\/v2\/types\/page"}],"author":[{"embeddable":true,"href":"https:\/\/osaservice.ee\/et\/wp-json\/wp\/v2\/users\/2"}],"replies":[{"embeddable":true,"href":"https:\/\/osaservice.ee\/et\/wp-json\/wp\/v2\/comments?post=1322"}],"version-history":[{"count":59,"href":"https:\/\/osaservice.ee\/et\/wp-json\/wp\/v2\/pages\/1322\/revisions"}],"predecessor-version":[{"id":2559,"href":"https:\/\/osaservice.ee\/et\/wp-json\/wp\/v2\/pages\/1322\/revisions\/2559"}],"wp:attachment":[{"href":"https:\/\/osaservice.ee\/et\/wp-json\/wp\/v2\/media?parent=1322"}],"curies":[{"name":"wp","href":"https:\/\/api.w.org\/{rel}","templated":true}]}}