{"id":1324,"date":"2022-02-24T05:03:32","date_gmt":"2022-02-24T03:03:32","guid":{"rendered":"https:\/\/uus.osaservice.ee\/about\/"},"modified":"2023-07-10T12:27:03","modified_gmt":"2023-07-10T10:27:03","slug":"partnerid","status":"publish","type":"page","link":"https:\/\/osaservice.ee\/et\/partnerid\/","title":{"rendered":"Partnerid"},"content":{"rendered":"\n<div class=\"wp-block-uagb-container uagb-block-bda64ca8 alignfull uagb-is-root-container\"><div class=\"uagb-container-inner-blocks-wrap\">\n<div class=\"wp-block-uagb-info-box uagb-block-fd6d9f1d uagb-infobox__content-wrap  uagb-infobox-icon-above-title uagb-infobox-image-valign-top\"><div class=\"uagb-ifb-content\"><div class=\"uagb-ifb-title-wrap\"><h1 class=\"uagb-ifb-title\">Sektorite\u00fclene koost\u00f6\u00f6 \u00fchise eesm\u00e4rgi nimel<\/h1><\/div><\/div><\/div>\n<\/div><\/div>\n\n\n\n<div class=\"wp-block-uagb-container uagb-block-43db4675 alignfull uagb-is-root-container\"><div class=\"uagb-container-inner-blocks-wrap\">\n<div class=\"wp-block-uagb-info-box uagb-block-012331ba uagb-infobox__content-wrap  uagb-infobox-icon-above-title uagb-infobox-image-valign-top\"><div class=\"uagb-ifb-content\"><div class=\"uagb-ifb-title-wrap\"><h2 class=\"uagb-ifb-title\">Teadusuuringud<\/h2><\/div><\/div><\/div>\n<\/div><\/div>\n\n\n\n<div class=\"wp-block-uagb-container uagb-block-11abc21e alignfull uagb-is-root-container\"><div class=\"uagb-container-inner-blocks-wrap\">\n<div class=\"wp-block-uagb-container uagb-block-0d54f8c7\">\n<div class=\"wp-block-uagb-info-box uagb-block-5ec8eda8 uagb-infobox__content-wrap  uagb-infobox-icon-above-title uagb-infobox-image-valign-top\"><div class=\"uagb-ifb-content\"><div class=\"uagb-ifb-image-content\"><img decoding=\"async\" src=\"https:\/\/osaservice.ee\/wp-content\/uploads\/2023\/07\/1-150x150.png\" alt=\"\" width=\"\" height=\"0\" loading=\"lazy\"\/><\/div><div class=\"uagb-ifb-title-wrap\"><\/div><p class=\"uagb-ifb-desc\">Esialgsed uuringud kaltsiumkarbonaadi tootmiseks viidi 2016. aastal l\u00e4bi Rootsis&nbsp;<a rel=\"noreferrer noopener\" href=\"https:\/\/www.ragnsells.ee\/\" target=\"_blank\">Ragn-Sellsi<\/a> laboratooriumis. 2019. aastal l\u00f5i Ragn-Sells\u202fAS t\u00fctarettev\u00f5tte RS-OSA Service O\u00dc. <\/p><\/div><\/div>\n<\/div>\n\n\n\n<div class=\"wp-block-uagb-container uagb-block-ab667871\">\n<div class=\"wp-block-uagb-info-box uagb-block-376b92ac uagb-infobox__content-wrap  uagb-infobox-icon-above-title uagb-infobox-image-valign-top\"><div class=\"uagb-ifb-content\"><div class=\"uagb-ifb-image-content\"><img decoding=\"async\" src=\"https:\/\/osaservice.ee\/wp-content\/uploads\/2023\/07\/2-150x150.png\" alt=\"\" width=\"\" height=\"0\" loading=\"lazy\"\/><\/div><div class=\"uagb-ifb-title-wrap\"><\/div><p class=\"uagb-ifb-desc\"><a rel=\"noreferrer noopener\" href=\"https:\/\/taltech.ee\/\" target=\"_blank\">TalTech<\/a> on Eestis ainuke tehnika- ja IT-teaduse lipulaev, kust saab k\u00f5rgharidust k\u00f5igil astmetel inseneri- ja tehnikateadustes, infotehnoloogias, majanduses, loodusteadustes ja merenduses.<\/p><\/div><\/div>\n<\/div>\n\n\n\n<div class=\"wp-block-uagb-container uagb-block-c223d5bd\">\n<div class=\"wp-block-uagb-info-box uagb-block-1259a1f8 uagb-infobox__content-wrap  uagb-infobox-icon-above-title uagb-infobox-image-valign-top\"><div class=\"uagb-ifb-content\"><div class=\"uagb-ifb-image-content\"><img decoding=\"async\" src=\"https:\/\/osaservice.ee\/wp-content\/uploads\/2023\/07\/3-150x150.png\" alt=\"\" width=\"\" height=\"0\" loading=\"lazy\"\/><\/div><div class=\"uagb-ifb-title-wrap\"><\/div><p class=\"uagb-ifb-desc\"><a href=\"https:\/\/ut.ee\/et\" target=\"_blank\" rel=\"noreferrer noopener\">Tartu \u00dclikool <\/a>on ainus klassikaline&nbsp;<em>universitas<\/em>-t\u00fc\u00fcpi \u00fclikool Eestis,&nbsp;kus teadust\u00f6\u00f6d tehakse humanitaarteaduste ja kunstide, sotsiaalteaduste, meditsiiniteaduste ning loodus- ja t\u00e4ppisteaduste valdkonnas.&nbsp;<\/p><\/div><\/div>\n<\/div>\n\n\n\n<div class=\"wp-block-uagb-container uagb-block-e2b76d86\">\n<div class=\"wp-block-uagb-info-box uagb-block-f9ec91b9 uagb-infobox__content-wrap  uagb-infobox-icon-above-title uagb-infobox-image-valign-top\"><div class=\"uagb-ifb-content\"><div class=\"uagb-ifb-image-content\"><img decoding=\"async\" src=\"https:\/\/osaservice.ee\/wp-content\/uploads\/2023\/07\/4-150x150.png\" alt=\"\" width=\"\" height=\"0\" loading=\"lazy\"\/><\/div><div class=\"uagb-ifb-title-wrap\"><\/div><p class=\"uagb-ifb-desc\"><a rel=\"noreferrer noopener\" href=\"https:\/\/www.emu.ee\/et\/\" target=\"_blank\">Eesti Maa\u00fclikool<\/a> on ainus \u00fclikool Eestis, mis kuulub p\u00f5llumajanduse ja metsanduse valdkonnas maailma&nbsp;100&nbsp;parima \u00fclikooli edetabelisse. Maa\u00fclikool loob ja jagab teadmisi biomajanduse edendajatele.<\/p><\/div><\/div>\n<\/div>\n<\/div><\/div>\n\n\n\n<div class=\"wp-block-uagb-container uagb-block-d614ae24 alignfull uagb-is-root-container\"><div class=\"uagb-container-inner-blocks-wrap\">\n<div class=\"wp-block-uagb-info-box uagb-block-14b5e54d uagb-infobox__content-wrap  uagb-infobox-icon-above-title uagb-infobox-image-valign-top\"><div class=\"uagb-ifb-content\"><div class=\"uagb-ifb-title-wrap\"><h2 class=\"uagb-ifb-title\">Tootearendus<\/h2><\/div><\/div><\/div>\n<\/div><\/div>\n\n\n\n<div class=\"wp-block-uagb-container uagb-block-a5dc785b alignfull uagb-is-root-container\"><div class=\"uagb-container-inner-blocks-wrap\">\n<div class=\"wp-block-uagb-container uagb-block-aabe7191\">\n<div class=\"wp-block-uagb-info-box uagb-block-02e3ae59 uagb-infobox__content-wrap  uagb-infobox-icon-above-title uagb-infobox-image-valign-top\"><div class=\"uagb-ifb-content\"><div class=\"uagb-ifb-image-content\"><img decoding=\"async\" src=\"https:\/\/osaservice.ee\/wp-content\/uploads\/2023\/07\/5-300x300.png\" alt=\"\" width=\"\" height=\"0\" loading=\"lazy\"\/><\/div><div class=\"uagb-ifb-title-wrap\"><\/div><p class=\"uagb-ifb-desc\"><a href=\"https:\/\/www.energia.ee\/et\/avaleht\" target=\"_blank\" rel=\"noreferrer noopener\">Eesti Energia<\/a> on OSA projekti v\u00f5tmepartner, mis on taganud testimiseks ja teadust\u00f6\u00f6ks vajaliku p\u00f5levkivituha ning andnud loa katsepuurimisteks ning tuham\u00e4gede t\u00e4iendavaks uurimiseks.&nbsp;<\/p><\/div><\/div>\n<\/div>\n\n\n\n<div class=\"wp-block-uagb-container uagb-block-23d71028\">\n<div class=\"wp-block-uagb-info-box uagb-block-e8195408 uagb-infobox__content-wrap  uagb-infobox-icon-above-title uagb-infobox-image-valign-top\"><div class=\"uagb-ifb-content\"><div class=\"uagb-ifb-image-content\"><img decoding=\"async\" src=\"https:\/\/osaservice.ee\/wp-content\/uploads\/2023\/07\/6-300x300.png\" alt=\"\" width=\"\" height=\"0\" loading=\"lazy\"\/><\/div><div class=\"uagb-ifb-title-wrap\"><\/div><p class=\"uagb-ifb-desc\">Saksamaa suurimaid aknatootjaid <a rel=\"noreferrer noopener\" href=\"https:\/\/www.gealan.de\/ee\/\" target=\"_blank\">Gealan<\/a> \u00fchines projektiga katsetamaks kaltsiumkarbonaati oma toodete tootmisel ning annab meile v\u00e4\u00e4rtuslikku tagasisidet toodete kujundamiseks ja t\u00e4iendamiseks.&nbsp;<\/p><\/div><\/div>\n<\/div>\n\n\n\n<div class=\"wp-block-uagb-container uagb-block-485f4fa5\">\n<div class=\"wp-block-uagb-info-box uagb-block-96b015d9 uagb-infobox__content-wrap  uagb-infobox-icon-above-title uagb-infobox-image-valign-top\"><div class=\"uagb-ifb-content\"><div class=\"uagb-ifb-image-content\"><img decoding=\"async\" src=\"https:\/\/osaservice.ee\/wp-content\/uploads\/2023\/07\/7-300x300.png\" alt=\"\" width=\"\" height=\"0\" loading=\"lazy\"\/><\/div><div class=\"uagb-ifb-title-wrap\"><\/div><p class=\"uagb-ifb-desc\">Prantsusmaalt p\u00e4rit maailma \u00fcks suurimaid p\u00f5randakatete tootjaid <a rel=\"noreferrer noopener\" href=\"https:\/\/professionals.tarkett.com\/en_EU\/\" target=\"_blank\">Tarkett<\/a> l\u00f6\u00f6b kaasa projekti praktiliste katsete faasis, kasutades laboratooriumist tulevat kaltsiumkarbonaati testtoodete loomisel. <\/p><\/div><\/div>\n<\/div>\n<\/div><\/div>\n\n\n\n<div class=\"wp-block-uagb-container uagb-block-8052dc9d alignfull uagb-is-root-container\"><div class=\"uagb-container-inner-blocks-wrap\">\n<div class=\"wp-block-uagb-info-box uagb-block-535c1dc8 uagb-infobox__content-wrap  uagb-infobox-icon-above-title uagb-infobox-image-valign-top\"><div class=\"uagb-ifb-content\"><div class=\"uagb-ifb-title-wrap\"><h2 class=\"uagb-ifb-title\">Narva linn<\/h2><\/div><\/div><\/div>\n<\/div><\/div>\n\n\n\n<div class=\"wp-block-uagb-container uagb-block-964039b6 alignfull uagb-is-root-container\"><div class=\"uagb-container-inner-blocks-wrap\">\n<div class=\"wp-block-uagb-container uagb-block-1296ee25\">\n<div class=\"wp-block-uagb-info-box uagb-block-266f805c uagb-infobox__content-wrap  uagb-infobox-icon-above-title uagb-infobox-image-valign-top\"><div class=\"uagb-ifb-content\"><div class=\"uagb-ifb-title-wrap\"><\/div><p class=\"uagb-ifb-desc\"><a href=\"https:\/\/www.narva.ee\/\" target=\"_blank\" rel=\"noreferrer noopener\">Narva linn<\/a> on v\u00e4ga oluline partner, sest nii tuham\u00e4ed, kust p\u00e4rineb tooraine kui ka tehaste asukoht on just seal. P\u00fc\u00fcame narvalasi kaasata ja kursis hoida k\u00f5ige olulisega, mis projekti k\u00e4igus tehakse. Kokkuv\u00f5ttes on meie eesm\u00e4rgiks sealsete inimeste ja kogukonna heaolu, t\u00f6\u00f6- ja looduskeskkonna parandamine.&nbsp;<\/p><\/div><\/div>\n<\/div>\n\n\n\n<div class=\"wp-block-uagb-container uagb-block-74343c29\">\n<div class=\"wp-block-uagb-image alignleft uagb-block-2ccac6b7 wp-block-uagb-image--layout-default wp-block-uagb-image--effect-static wp-block-uagb-image--align-left\"><figure class=\"wp-block-uagb-image__figure\"><img decoding=\"async\" srcset=\"https:\/\/osaservice.ee\/wp-content\/uploads\/2023\/07\/Logo-pictos.png \" sizes=\"auto, (max-width: 480px) 150px\" src=\"https:\/\/osaservice.ee\/wp-content\/uploads\/2023\/07\/Logo-pictos.png\" alt=\"\" class=\"uag-image-2090\" width=\"450\" height=\"591\" title=\"\" loading=\"lazy\"\/><\/figure><\/div>\n<\/div>\n<\/div><\/div>\n\n\n\n<div class=\"wp-block-uagb-container uagb-block-cc6c10e9 alignfull uagb-is-root-container\"><div class=\"uagb-container-inner-blocks-wrap\">\n<div class=\"wp-block-uagb-info-box uagb-block-eee1ef2c uagb-infobox__content-wrap  uagb-infobox-icon-above-title uagb-infobox-image-valign-top\"><div class=\"uagb-ifb-content\"><div class=\"uagb-ifb-title-wrap\"><h2 class=\"uagb-ifb-title\">Rahastus<\/h2><\/div><\/div><\/div>\n<\/div><\/div>\n\n\n\n<div class=\"wp-block-uagb-container uagb-block-ad296114 alignfull uagb-is-root-container\"><div class=\"uagb-container-inner-blocks-wrap\">\n<div class=\"wp-block-uagb-container uagb-block-03fa47cf\">\n<div class=\"wp-block-uagb-info-box uagb-block-dfec273d uagb-infobox__content-wrap  uagb-infobox-icon-above-title uagb-infobox-image-valign-top\"><div class=\"uagb-ifb-content\"><div class=\"uagb-ifb-image-content\"><img decoding=\"async\" src=\"https:\/\/osaservice.ee\/wp-content\/uploads\/2023\/07\/8-300x300.png\" alt=\"\" width=\"\" height=\"0\" loading=\"lazy\"\/><\/div><div class=\"uagb-ifb-title-wrap\"><\/div><p class=\"uagb-ifb-desc\"><a rel=\"noreferrer noopener\" href=\"https:\/\/eas.ee\/\" target=\"_blank\">Ettev\u00f5tluse Arendamise Sihtasutus<\/a> (EAS) toetas 2021. aastal Ragn-Sellsi OSA projekti rakendusuuringuid 255 269 euroga. Toetuse abil viime l\u00e4bi p\u00f5levkivituhkadest kliimaneutraalse kaltsiumkarbonaadi tootmise testid t\u00f6\u00f6stuslikul skaalal ning kujundame esmase versiooni tootmisprotsessidest ja tootmis\u00fcksusest.<\/p><\/div><\/div>\n<\/div>\n\n\n\n<div class=\"wp-block-uagb-container uagb-block-0adbb7a3\">\n<div class=\"wp-block-uagb-info-box uagb-block-603a9cec uagb-infobox__content-wrap  uagb-infobox-icon-above-title uagb-infobox-image-valign-top\"><div class=\"uagb-ifb-content\"><div class=\"uagb-ifb-image-content\"><img decoding=\"async\" src=\"https:\/\/osaservice.ee\/wp-content\/uploads\/2023\/07\/9-300x300.png\" alt=\"\" width=\"\" height=\"0\" loading=\"lazy\"\/><\/div><div class=\"uagb-ifb-title-wrap\"><\/div><p class=\"uagb-ifb-desc\"><a rel=\"noreferrer noopener\" href=\"https:\/\/archimedes.ee\/\" target=\"_blank\">Archimedes<\/a> toetas 2020. aastal programmi \u201cNutika spetsialiseerumise rakendusuuringud\u201d raames OSA projekti p\u00f5levkivituhkade k\u00e4itlemiseks vajaliku tehnoloogiate teadusuuringuid 204 000 euroga. Programmi raames jagatav toetus uuringuteks, mille eesm\u00e4rk on leida parimad tehnoloogilised lahendused p\u00f5levkivituhkade v\u00e4\u00e4rindamiseks.&nbsp;<\/p><\/div><\/div>\n<\/div>\n<\/div><\/div>\n","protected":false},"excerpt":{"rendered":"","protected":false},"author":2,"featured_media":0,"parent":0,"menu_order":0,"comment_status":"closed","ping_status":"closed","template":"","meta":{"_uag_custom_page_level_css":"","site-sidebar-layout":"no-sidebar","site-content-layout":"page-builder","ast-site-content-layout":"default","site-content-style":"default","site-sidebar-style":"default","ast-global-header-display":"","ast-banner-title-visibility":"","ast-main-header-display":"","ast-hfb-above-header-display":"","ast-hfb-below-header-display":"","ast-hfb-mobile-header-display":"","site-post-title":"disabled","ast-breadcrumbs-content":"","ast-featured-img":"disabled","footer-sml-layout":"","ast-disable-related-posts":"","theme-transparent-header-meta":"enabled","adv-header-id-meta":"","stick-header-meta":"","header-above-stick-meta":"","header-main-stick-meta":"","header-below-stick-meta":"","astra-migrate-meta-layouts":"default","ast-page-background-enabled":"default","ast-page-background-meta":{"desktop":{"background-color":"var(--ast-global-color-4)","background-image":"","background-repeat":"repeat","background-position":"center center","background-size":"auto","background-attachment":"scroll","background-type":"","background-media":"","overlay-type":"","overlay-color":"","overlay-opacity":"","overlay-gradient":""},"tablet":{"background-color":"","background-image":"","background-repeat":"repeat","background-position":"center center","background-size":"auto","background-attachment":"scroll","background-type":"","background-media":"","overlay-type":"","overlay-color":"","overlay-opacity":"","overlay-gradient":""},"mobile":{"background-color":"","background-image":"","background-repeat":"repeat","background-position":"center center","background-size":"auto","background-attachment":"scroll","background-type":"","background-media":"","overlay-type":"","overlay-color":"","overlay-opacity":"","overlay-gradient":""}},"ast-content-background-meta":{"desktop":{"background-color":"var(--ast-global-color-5)","background-image":"","background-repeat":"repeat","background-position":"center center","background-size":"auto","background-attachment":"scroll","background-type":"","background-media":"","overlay-type":"","overlay-color":"","overlay-opacity":"","overlay-gradient":""},"tablet":{"background-color":"var(--ast-global-color-5)","background-image":"","background-repeat":"repeat","background-position":"center center","background-size":"auto","background-attachment":"scroll","background-type":"","background-media":"","overlay-type":"","overlay-color":"","overlay-opacity":"","overlay-gradient":""},"mobile":{"background-color":"var(--ast-global-color-5)","background-image":"","background-repeat":"repeat","background-position":"center center","background-size":"auto","background-attachment":"scroll","background-type":"","background-media":"","overlay-type":"","overlay-color":"","overlay-opacity":"","overlay-gradient":""}},"footnotes":""},"class_list":["post-1324","page","type-page","status-publish","hentry"],"uagb_featured_image_src":{"full":false,"thumbnail":false,"medium":false,"medium_large":false,"large":false,"1536x1536":false,"2048x2048":false,"trp-custom-language-flag":false},"uagb_author_info":{"display_name":"Rainer Pesti","author_link":"https:\/\/osaservice.ee\/et\/author\/rainer\/"},"uagb_comment_info":0,"uagb_excerpt":null,"_links":{"self":[{"href":"https:\/\/osaservice.ee\/et\/wp-json\/wp\/v2\/pages\/1324","targetHints":{"allow":["GET"]}}],"collection":[{"href":"https:\/\/osaservice.ee\/et\/wp-json\/wp\/v2\/pages"}],"about":[{"href":"https:\/\/osaservice.ee\/et\/wp-json\/wp\/v2\/types\/page"}],"author":[{"embeddable":true,"href":"https:\/\/osaservice.ee\/et\/wp-json\/wp\/v2\/users\/2"}],"replies":[{"embeddable":true,"href":"https:\/\/osaservice.ee\/et\/wp-json\/wp\/v2\/comments?post=1324"}],"version-history":[{"count":25,"href":"https:\/\/osaservice.ee\/et\/wp-json\/wp\/v2\/pages\/1324\/revisions"}],"predecessor-version":[{"id":2123,"href":"https:\/\/osaservice.ee\/et\/wp-json\/wp\/v2\/pages\/1324\/revisions\/2123"}],"wp:attachment":[{"href":"https:\/\/osaservice.ee\/et\/wp-json\/wp\/v2\/media?parent=1324"}],"curies":[{"name":"wp","href":"https:\/\/api.w.org\/{rel}","templated":true}]}}