{"id":1326,"date":"2022-02-24T05:04:17","date_gmt":"2022-02-24T03:04:17","guid":{"rendered":"https:\/\/uus.osaservice.ee\/services\/"},"modified":"2023-07-14T12:09:17","modified_gmt":"2023-07-14T10:09:17","slug":"projektist","status":"publish","type":"page","link":"https:\/\/osaservice.ee\/et\/projektist\/","title":{"rendered":"Projektist"},"content":{"rendered":"\n<div class=\"wp-block-uagb-container uagb-block-5e29bbde alignfull uagb-is-root-container\"><div class=\"uagb-container-inner-blocks-wrap\">\n<div class=\"wp-block-uagb-info-box uagb-block-0cc06c87 uagb-infobox__content-wrap  uagb-infobox-icon-above-title uagb-infobox-image-valign-top\"><div class=\"uagb-ifb-content\"><div class=\"uagb-ifb-title-wrap\"><h1 class=\"uagb-ifb-title\">P\u00f5hja-Euroopa suurim ringmajanduse projekt<\/h1><\/div><\/div><\/div>\n<\/div><\/div>\n\n\n\n<div class=\"wp-block-uagb-container uagb-block-431ca9b2 alignfull uagb-is-root-container\"><div class=\"uagb-container-inner-blocks-wrap\">\n<div class=\"wp-block-uagb-container uagb-block-229e8b43\">\n<div class=\"wp-block-uagb-info-box uagb-block-b9f80b8f uagb-infobox__content-wrap  uagb-infobox-icon-above-title uagb-infobox-image-valign-top\"><div class=\"uagb-ifb-content\"><div class=\"uagb-ifb-title-wrap\"><h2 class=\"uagb-ifb-title\">Innovatiivne l\u00e4henemine p\u00f5levkivituha v\u00e4\u00e4rindamisele Ida-Virumaal<\/h2><\/div><p class=\"uagb-ifb-desc\">Esimest korda ajaloos on k\u00e4sil projekt, mille eesm\u00e4rk on muuta Ida-Virumaal elektrienergia tootmisest tekkivad p\u00f5levkivi tuhaj\u00e4\u00e4tmed v\u00e4\u00e4rtuslikuks tooraineks. Tootmisj\u00e4\u00e4kidest valmistatakse uusi materjale, n\u00e4iteks v\u00e4etisi ja t\u00e4iteaineid. Pikemas perspektiivis plaanime laiendada toodete valikut, lisades v\u00e4\u00e4rtuslikke elemente nagu magneesium. See on maailmas ainulaadne ja murranguline projekt &#8211; me muudame j\u00e4\u00e4tmed kliimaneutraalseks ressursiks!<\/p><\/div><\/div>\n<\/div>\n\n\n\n<div class=\"wp-block-uagb-container uagb-block-1e6da829\">\n<div class=\"wp-block-uagb-image alignright uagb-block-9468d192 wp-block-uagb-image--layout-default wp-block-uagb-image--effect-static wp-block-uagb-image--align-right\"><figure class=\"wp-block-uagb-image__figure\"><img decoding=\"async\" srcset=\"https:\/\/osaservice.ee\/wp-content\/uploads\/2023\/07\/OSA_Service_Skeem-10-1024x1024.png \" sizes=\"auto, (max-width: 480px) 150px\" src=\"https:\/\/osaservice.ee\/wp-content\/uploads\/2023\/07\/OSA_Service_Skeem-10-1024x1024.png\" alt=\"\" class=\"uag-image-2239\" width=\"1024\" height=\"1024\" title=\"\" loading=\"lazy\"\/><\/figure><\/div>\n<\/div>\n<\/div><\/div>\n\n\n\n<div class=\"wp-block-uagb-container uagb-block-84ae1b0a alignfull uagb-is-root-container\"><div class=\"uagb-container-inner-blocks-wrap\">\n<div class=\"wp-block-uagb-container uagb-block-b6bc7d4f\">\n<div class=\"wp-block-uagb-info-box uagb-block-94594088 uagb-infobox__content-wrap  uagb-infobox-icon-above-title uagb-infobox-image-valign-top\"><div class=\"uagb-ifb-content\"><div class=\"uagb-ifb-image-content\"><img decoding=\"async\" src=\"https:\/\/osaservice.ee\/wp-content\/uploads\/2023\/07\/OSA_Service_icons-07-150x150.png\" alt=\"\" width=\"\" height=\"0\" loading=\"lazy\"\/><\/div><div class=\"uagb-ifb-title-wrap\"><h2 class=\"uagb-ifb-title\">Eesti ringmajanduse edulugu<\/h2><\/div><p class=\"uagb-ifb-desc\">Kujutage ette maailma, kus j\u00e4\u00e4tmed ei ole enam probleem, vaid v\u00e4\u00e4rtuslik ressurss &#8211; p\u00f5levkivituha v\u00e4\u00e4rindamine on selle unistuse elluviimise revolutsiooniline samm.<\/p><div class=\"uagb-ifb-button-wrapper wp-block-button\"><a href=\"https:\/\/osaservice.ee\/tuhamagede-vaarindamine\/\" class=\"uagb-infobox-cta-link wp-block-button__link\" target=\"_self\" rel=\"noopener noreferrer\" onclick=\"return true;\" alt=\"\"><span class=\"uagb-inline-editing\">Tuham\u00e4gede v\u00e4\u00e4rindamine<\/span><\/a><\/div><\/div><\/div>\n<\/div>\n\n\n\n<div class=\"wp-block-uagb-container uagb-block-535eab1c\">\n<div class=\"wp-block-uagb-info-box uagb-block-a77e9dab uagb-infobox__content-wrap  uagb-infobox-icon-above-title uagb-infobox-image-valign-top\"><div class=\"uagb-ifb-content\"><div class=\"uagb-ifb-image-content\"><img decoding=\"async\" src=\"https:\/\/osaservice.ee\/wp-content\/uploads\/2023\/07\/OSA_Service_icons-08-150x150.png\" alt=\"\" width=\"\" height=\"0\" loading=\"lazy\"\/><\/div><div class=\"uagb-ifb-title-wrap\"><h2 class=\"uagb-ifb-title\">Kliimaneutraalne tootmisprotsess<\/h2><\/div><p class=\"uagb-ifb-desc\">Tutvuge p\u00f5levkivituha v\u00e4\u00e4rindamisega &#8211; protsessiga, mis muudab t\u00f6\u00f6stuslikud j\u00e4\u00e4tmed v\u00e4\u00e4rtuslikuks tooraineks, v\u00e4hendades samal ajal uute materjalide kaevandamist.<\/p><div class=\"uagb-ifb-button-wrapper wp-block-button\"><a href=\"https:\/\/osaservice.ee\/tootmine\/\" class=\"uagb-infobox-cta-link wp-block-button__link\" target=\"_self\" rel=\"noopener noreferrer\" onclick=\"return true;\" alt=\"\"><span class=\"uagb-inline-editing\">Tootmine<\/span><\/a><\/div><\/div><\/div>\n<\/div>\n\n\n\n<div class=\"wp-block-uagb-container uagb-block-f00535a9\">\n<div class=\"wp-block-uagb-info-box uagb-block-3221ea6c uagb-infobox__content-wrap  uagb-infobox-icon-above-title uagb-infobox-image-valign-top\"><div class=\"uagb-ifb-content\"><div class=\"uagb-ifb-image-content\"><img decoding=\"async\" src=\"https:\/\/osaservice.ee\/wp-content\/uploads\/2023\/07\/OSA_Service_icons-09-150x150.png\" alt=\"\" width=\"\" height=\"0\" loading=\"lazy\"\/><\/div><div class=\"uagb-ifb-title-wrap\"><h2 class=\"uagb-ifb-title\">J\u00e4\u00e4tmetest v\u00e4\u00e4rtuslike toodeteni<\/h2><\/div><p class=\"uagb-ifb-desc\">Meie innovaatiline l\u00e4henemine muudab p\u00f5levkivituha \u00fclipuhasteks toodeteks nagu kliimaneutraalne kaltsiumkarbonaat ja lubiv\u00e4etis.<\/p><div class=\"uagb-ifb-button-wrapper wp-block-button\"><a href=\"https:\/\/osaservice.ee\/tooted\/\" class=\"uagb-infobox-cta-link wp-block-button__link\" target=\"_self\" rel=\"noopener noreferrer\" onclick=\"return true;\" alt=\"\"><span class=\"uagb-inline-editing\">Tooted<\/span><\/a><\/div><\/div><\/div>\n<\/div>\n<\/div><\/div>\n\n\n\n<div class=\"wp-block-uagb-container uagb-block-04d1f5a1 alignfull uagb-is-root-container\"><div class=\"uagb-container-inner-blocks-wrap\">\n<div class=\"wp-block-uagb-container uagb-block-c5b6c450\">\n<figure class=\"wp-block-embed is-type-video is-provider-youtube wp-block-embed-youtube wp-embed-aspect-16-9 wp-has-aspect-ratio\"><div class=\"wp-block-embed__wrapper\">\n<iframe loading=\"lazy\" title=\"COP26 Glasgow Climate Talks  \/ Inspirational transformation of Estonian Energy sector.\" width=\"500\" height=\"281\" src=\"https:\/\/www.youtube.com\/embed\/nSbdXENl7qE?feature=oembed\" frameborder=\"0\" allow=\"accelerometer; autoplay; clipboard-write; encrypted-media; gyroscope; picture-in-picture; web-share\" referrerpolicy=\"strict-origin-when-cross-origin\" allowfullscreen><\/iframe>\n<\/div><\/figure>\n<\/div>\n\n\n\n<div class=\"wp-block-uagb-container uagb-block-97c2d3e3\">\n<div class=\"wp-block-uagb-info-box uagb-block-d758e87b uagb-infobox__content-wrap  uagb-infobox-icon-above-title uagb-infobox-image-valign-top\"><div class=\"uagb-ifb-content\"><div class=\"uagb-ifb-title-wrap\"><h2 class=\"uagb-ifb-title\">OSA projekt maailma t\u00e4htsaimal kliimakonverentsil<\/h2><\/div><p class=\"uagb-ifb-desc\">2021. aastal kutsuti meid osalema maailma t\u00e4htsaimale kliimakonverentsile COP26. Selle raames filmisime dokumentaalsaate, kus s\u00f5na said: president&nbsp;Kersti Kaljulaid, peaminister&nbsp;Kaja Kallas, Euroopa Komisjoni energeetikavolinik&nbsp;Kadri Simson, Ragn-Sellsi j\u00e4tkusuutlikkuse juht&nbsp;P\u00e4r Larshans ja OSA projekti juht Alar Saluste.<\/p><div class=\"uagb-ifb-button-wrapper wp-block-button\"><a href=\"https:\/\/youtu.be\/V3pq7JfV4XY\" class=\"uagb-infobox-cta-link wp-block-button__link\" target=\"_self\" rel=\"noopener noreferrer\" onclick=\"return true;\" alt=\"\"><span class=\"uagb-inline-editing\">Vaata t\u00e4ispikka saadet<\/span><\/a><\/div><\/div><\/div>\n<\/div>\n<\/div><\/div>\n","protected":false},"excerpt":{"rendered":"","protected":false},"author":2,"featured_media":0,"parent":0,"menu_order":0,"comment_status":"closed","ping_status":"closed","template":"","meta":{"_uag_custom_page_level_css":"","site-sidebar-layout":"no-sidebar","site-content-layout":"page-builder","ast-site-content-layout":"default","site-content-style":"default","site-sidebar-style":"default","ast-global-header-display":"","ast-banner-title-visibility":"","ast-main-header-display":"","ast-hfb-above-header-display":"","ast-hfb-below-header-display":"","ast-hfb-mobile-header-display":"","site-post-title":"disabled","ast-breadcrumbs-content":"","ast-featured-img":"disabled","footer-sml-layout":"","ast-disable-related-posts":"","theme-transparent-header-meta":"enabled","adv-header-id-meta":"","stick-header-meta":"","header-above-stick-meta":"","header-main-stick-meta":"","header-below-stick-meta":"","astra-migrate-meta-layouts":"default","ast-page-background-enabled":"default","ast-page-background-meta":{"desktop":{"background-color":"var(--ast-global-color-4)","background-image":"","background-repeat":"repeat","background-position":"center center","background-size":"auto","background-attachment":"scroll","background-type":"","background-media":"","overlay-type":"","overlay-color":"","overlay-opacity":"","overlay-gradient":""},"tablet":{"background-color":"","background-image":"","background-repeat":"repeat","background-position":"center center","background-size":"auto","background-attachment":"scroll","background-type":"","background-media":"","overlay-type":"","overlay-color":"","overlay-opacity":"","overlay-gradient":""},"mobile":{"background-color":"","background-image":"","background-repeat":"repeat","background-position":"center center","background-size":"auto","background-attachment":"scroll","background-type":"","background-media":"","overlay-type":"","overlay-color":"","overlay-opacity":"","overlay-gradient":""}},"ast-content-background-meta":{"desktop":{"background-color":"var(--ast-global-color-5)","background-image":"","background-repeat":"repeat","background-position":"center center","background-size":"auto","background-attachment":"scroll","background-type":"","background-media":"","overlay-type":"","overlay-color":"","overlay-opacity":"","overlay-gradient":""},"tablet":{"background-color":"var(--ast-global-color-5)","background-image":"","background-repeat":"repeat","background-position":"center center","background-size":"auto","background-attachment":"scroll","background-type":"","background-media":"","overlay-type":"","overlay-color":"","overlay-opacity":"","overlay-gradient":""},"mobile":{"background-color":"var(--ast-global-color-5)","background-image":"","background-repeat":"repeat","background-position":"center center","background-size":"auto","background-attachment":"scroll","background-type":"","background-media":"","overlay-type":"","overlay-color":"","overlay-opacity":"","overlay-gradient":""}},"footnotes":""},"class_list":["post-1326","page","type-page","status-publish","hentry"],"uagb_featured_image_src":{"full":false,"thumbnail":false,"medium":false,"medium_large":false,"large":false,"1536x1536":false,"2048x2048":false,"trp-custom-language-flag":false},"uagb_author_info":{"display_name":"Rainer Pesti","author_link":"https:\/\/osaservice.ee\/et\/author\/rainer\/"},"uagb_comment_info":0,"uagb_excerpt":null,"_links":{"self":[{"href":"https:\/\/osaservice.ee\/et\/wp-json\/wp\/v2\/pages\/1326","targetHints":{"allow":["GET"]}}],"collection":[{"href":"https:\/\/osaservice.ee\/et\/wp-json\/wp\/v2\/pages"}],"about":[{"href":"https:\/\/osaservice.ee\/et\/wp-json\/wp\/v2\/types\/page"}],"author":[{"embeddable":true,"href":"https:\/\/osaservice.ee\/et\/wp-json\/wp\/v2\/users\/2"}],"replies":[{"embeddable":true,"href":"https:\/\/osaservice.ee\/et\/wp-json\/wp\/v2\/comments?post=1326"}],"version-history":[{"count":21,"href":"https:\/\/osaservice.ee\/et\/wp-json\/wp\/v2\/pages\/1326\/revisions"}],"predecessor-version":[{"id":2289,"href":"https:\/\/osaservice.ee\/et\/wp-json\/wp\/v2\/pages\/1326\/revisions\/2289"}],"wp:attachment":[{"href":"https:\/\/osaservice.ee\/et\/wp-json\/wp\/v2\/media?parent=1326"}],"curies":[{"name":"wp","href":"https:\/\/api.w.org\/{rel}","templated":true}]}}