{"id":1937,"date":"2023-07-06T14:16:35","date_gmt":"2023-07-06T12:16:35","guid":{"rendered":"https:\/\/uus.osaservice.ee\/?page_id=1937"},"modified":"2023-07-19T10:21:38","modified_gmt":"2023-07-19T08:21:38","slug":"uudised","status":"publish","type":"page","link":"https:\/\/osaservice.ee\/et\/uudised\/","title":{"rendered":"Uudised"},"content":{"rendered":"\n<div class=\"wp-block-uagb-container uagb-block-3f0a01c1 alignfull uagb-is-root-container\"><div class=\"uagb-container-inner-blocks-wrap\">\n<div class=\"wp-block-uagb-info-box uagb-block-f5219cb8 uagb-infobox__content-wrap  uagb-infobox-icon-above-title uagb-infobox-image-valign-top\"><div class=\"uagb-ifb-content\"><div class=\"uagb-ifb-title-wrap\"><h1 class=\"uagb-ifb-title\">Uudised<\/h1><\/div><\/div><\/div>\n<\/div><\/div>\n\n\n\n<div style=\"height:30px\" aria-hidden=\"true\" class=\"wp-block-spacer\"><\/div>\n\n\n\n\t\t\t<div class=\"wp-block-uagb-post-grid uagb-post-grid  uagb-post__image-position-top uagb-post__image-enabled uagb-block-b5112664     uagb-post__items uagb-post__columns-3 is-grid uagb-post__columns-tablet-2 uagb-post__columns-mobile-1 uagb-post__equal-height uagb-equal_height_inline-read-more-buttons\" data-total=\"5\" style=\"\">\n\n\t\t\t\t\t\t\t\t\t\t\t\t<article class=\"uagb-post__inner-wrap\">\t\t\t\t\t\t\t\t<h4 class=\"uagb-post__title uagb-post__text\">\n\t\t\t\t<a href=\"https:\/\/osaservice.ee\/et\/uncategorized\/narva-demotehase-leping-on-solmitud\/\" target=\"_self\" rel=\"bookmark noopener noreferrer\">Narva demotehase leping on s\u00f5lmitud<\/a>\n\t\t\t<\/h4>\n\t\t\t\t\t\t<div class='uagb-post__text uagb-post-grid-byline'>\n\t\t\t\t\t\t\t\t<time datetime=\"2025-07-08T13:55:01+02:00\" class=\"uagb-post__date\">\n\t\t\t\t\t\t\t\t\t8. juuli 2025\t\t\t\t<\/time>\n\t\t\t\t\t\t<\/div>\n\t\t\t\t\t\t\t<div class='uagb-post__text uagb-post__excerpt'>\n\t\t\t\t\t<p>Ragn-Sells gruppi kuuluv R-S OSA Service allkirjastas rendilepingu Ida-Viru Investeeringute Agentuuriga (IVIA), mille p\u00f5hjal alustab&#8230;\t\t\t\t<\/div>\n\t\t\t\t\t\t<div class=\"uagb-post__text uagb-post__cta wp-block-button\">\n\t\t\t\t<a class=\"wp-block-button__link uagb-text-link\" style=\"\" href=\"https:\/\/osaservice.ee\/et\/uncategorized\/narva-demotehase-leping-on-solmitud\/\" target=\"_self\" rel=\"bookmark noopener noreferrer\">Loe edasi<\/a>\n\t\t\t<\/div>\n\t\t\t\n\t\t\t\t\t\t\t\t\t<\/article>\n\t\t\t\t\t\t\t\t\t\t\t\t\t\t\t\t<article class=\"uagb-post__inner-wrap\">\t\t\t\t\t\t\t\t<div class='uagb-post__image'>\n\t\t\t\t\t\t\t\t\t<a href=\"https:\/\/osaservice.ee\/et\/tooted\/testid-onnestusid-polevkivituhast-saab-toota-varvi\/\" target=\"_self\" rel=\"bookmark noopener noreferrer\" class='uagb-image-ratio-2-3'><img loading=\"lazy\" decoding=\"async\" width=\"1024\" height=\"643\" src=\"https:\/\/osaservice.ee\/wp-content\/uploads\/2024\/02\/AdobeStock_642953345-1024x643.jpeg\" class=\"attachment-large size-large\" alt=\"\" srcset=\"https:\/\/osaservice.ee\/wp-content\/uploads\/2024\/02\/AdobeStock_642953345-1024x643.jpeg 1024w, https:\/\/osaservice.ee\/wp-content\/uploads\/2024\/02\/AdobeStock_642953345-300x188.jpeg 300w, https:\/\/osaservice.ee\/wp-content\/uploads\/2024\/02\/AdobeStock_642953345-768x483.jpeg 768w, https:\/\/osaservice.ee\/wp-content\/uploads\/2024\/02\/AdobeStock_642953345-1536x965.jpeg 1536w, https:\/\/osaservice.ee\/wp-content\/uploads\/2024\/02\/AdobeStock_642953345-2048x1287.jpeg 2048w, https:\/\/osaservice.ee\/wp-content\/uploads\/2024\/02\/AdobeStock_642953345-18x12.jpeg 18w\" sizes=\"auto, (max-width: 1024px) 100vw, 1024px\" \/>\t\t\t\t\t<\/a>\n\t\t\t\t\t\t\t<\/div>\n\t\t\t\t\t\t<h4 class=\"uagb-post__title uagb-post__text\">\n\t\t\t\t<a href=\"https:\/\/osaservice.ee\/et\/tooted\/testid-onnestusid-polevkivituhast-saab-toota-varvi\/\" target=\"_self\" rel=\"bookmark noopener noreferrer\">Testid \u00f5nnestusid: P\u00f5levkivituhast saab toota v\u00e4rvi<\/a>\n\t\t\t<\/h4>\n\t\t\t\t\t\t<div class='uagb-post__text uagb-post-grid-byline'>\n\t\t\t\t\t\t\t\t<time datetime=\"2024-03-07T07:30:00+02:00\" class=\"uagb-post__date\">\n\t\t\t\t\t\t\t\t\t7. m\u00e4rts 2024\t\t\t\t<\/time>\n\t\t\t\t\t\t<\/div>\n\t\t\t\t\t\t\t<div class='uagb-post__text uagb-post__excerpt'>\n\t\t\t\t\tFotol: Esimene v\u00e4rvipukpurk ja tester, mis kinnitavad, et p\u00f5levkivituhk sobib valge pulberv\u00e4rvi tootmiseks.\t\t\t\t<\/div>\n\t\t\t\t\t\t<div class=\"uagb-post__text uagb-post__cta wp-block-button\">\n\t\t\t\t<a class=\"wp-block-button__link uagb-text-link\" style=\"\" href=\"https:\/\/osaservice.ee\/et\/tooted\/testid-onnestusid-polevkivituhast-saab-toota-varvi\/\" target=\"_self\" rel=\"bookmark noopener noreferrer\">Loe edasi<\/a>\n\t\t\t<\/div>\n\t\t\t\n\t\t\t\t\t\t\t\t\t<\/article>\n\t\t\t\t\t\t\t\t\t\t\t\t\t\t\t\t<article class=\"uagb-post__inner-wrap\">\t\t\t\t\t\t\t\t<div class='uagb-post__image'>\n\t\t\t\t\t\t\t\t\t<a href=\"https:\/\/osaservice.ee\/et\/uncategorized\/ragn-sells-osa-cop28-on-suuresti-viimane-voimalus-solmida-kokkuleppeid-kliimakatastroofi-valtimiseks\/\" target=\"_self\" rel=\"bookmark noopener noreferrer\" class='uagb-image-ratio-2-3'><img loading=\"lazy\" decoding=\"async\" width=\"1024\" height=\"643\" src=\"https:\/\/osaservice.ee\/wp-content\/uploads\/2023\/11\/COP28-2-1024x643.png\" class=\"attachment-large size-large\" alt=\"\" srcset=\"https:\/\/osaservice.ee\/wp-content\/uploads\/2023\/11\/COP28-2-1024x643.png 1024w, https:\/\/osaservice.ee\/wp-content\/uploads\/2023\/11\/COP28-2-300x188.png 300w, https:\/\/osaservice.ee\/wp-content\/uploads\/2023\/11\/COP28-2-768x482.png 768w, https:\/\/osaservice.ee\/wp-content\/uploads\/2023\/11\/COP28-2-1536x964.png 1536w, https:\/\/osaservice.ee\/wp-content\/uploads\/2023\/11\/COP28-2-18x12.png 18w, https:\/\/osaservice.ee\/wp-content\/uploads\/2023\/11\/COP28-2.png 1706w\" sizes=\"auto, (max-width: 1024px) 100vw, 1024px\" \/>\t\t\t\t\t<\/a>\n\t\t\t\t\t\t\t<\/div>\n\t\t\t\t\t\t<h4 class=\"uagb-post__title uagb-post__text\">\n\t\t\t\t<a href=\"https:\/\/osaservice.ee\/et\/uncategorized\/ragn-sells-osa-cop28-on-suuresti-viimane-voimalus-solmida-kokkuleppeid-kliimakatastroofi-valtimiseks\/\" target=\"_self\" rel=\"bookmark noopener noreferrer\">Ragn-Sells &#038; OSA:  COP28 on suuresti viimane v\u00f5imalus s\u00f5lmida kokkuleppeid kliimakatastroofi v\u00e4ltimiseks<\/a>\n\t\t\t<\/h4>\n\t\t\t\t\t\t<div class='uagb-post__text uagb-post-grid-byline'>\n\t\t\t\t\t\t\t\t<time datetime=\"2023-11-28T14:38:00+02:00\" class=\"uagb-post__date\">\n\t\t\t\t\t\t\t\t\t28. nov. 2023\t\t\t\t<\/time>\n\t\t\t\t\t\t<\/div>\n\t\t\t\t\t\t\t<div class='uagb-post__text uagb-post__excerpt'>\n\t\t\t\t\t<p>Keskkonnaettev\u00f5te Ragn-Sells osaleb \u00dcRO kliimakonverentsil COP28, seda nii osana Rootsi delegatsioonist, kui olles ka ajalooliselt&#8230;\t\t\t\t<\/div>\n\t\t\t\t\t\t<div class=\"uagb-post__text uagb-post__cta wp-block-button\">\n\t\t\t\t<a class=\"wp-block-button__link uagb-text-link\" style=\"\" href=\"https:\/\/osaservice.ee\/et\/uncategorized\/ragn-sells-osa-cop28-on-suuresti-viimane-voimalus-solmida-kokkuleppeid-kliimakatastroofi-valtimiseks\/\" target=\"_self\" rel=\"bookmark noopener noreferrer\">Loe edasi<\/a>\n\t\t\t<\/div>\n\t\t\t\n\t\t\t\t\t\t\t\t\t<\/article>\n\t\t\t\t\t\t\t\t\t\t\t\t\t\t\t\t<article class=\"uagb-post__inner-wrap\">\t\t\t\t\t\t\t\t<div class='uagb-post__image'>\n\t\t\t\t\t\t\t\t\t<a href=\"https:\/\/osaservice.ee\/et\/tuhamaed\/ahtme-tuhamae-leiud-kaivitasid-toorainepankade-suurprojekti\/\" target=\"_self\" rel=\"bookmark noopener noreferrer\" class='uagb-image-ratio-2-3'><img loading=\"lazy\" decoding=\"async\" width=\"1024\" height=\"683\" src=\"https:\/\/osaservice.ee\/wp-content\/uploads\/2023\/07\/uus-pilt-Polevkivist-ja-polevkivituhast-1024x683.jpg\" class=\"attachment-large size-large\" alt=\"\" srcset=\"https:\/\/osaservice.ee\/wp-content\/uploads\/2023\/07\/uus-pilt-Polevkivist-ja-polevkivituhast-1024x683.jpg 1024w, https:\/\/osaservice.ee\/wp-content\/uploads\/2023\/07\/uus-pilt-Polevkivist-ja-polevkivituhast-300x200.jpg 300w, https:\/\/osaservice.ee\/wp-content\/uploads\/2023\/07\/uus-pilt-Polevkivist-ja-polevkivituhast-768x512.jpg 768w, https:\/\/osaservice.ee\/wp-content\/uploads\/2023\/07\/uus-pilt-Polevkivist-ja-polevkivituhast-18x12.jpg 18w, https:\/\/osaservice.ee\/wp-content\/uploads\/2023\/07\/uus-pilt-Polevkivist-ja-polevkivituhast.jpg 1296w\" sizes=\"auto, (max-width: 1024px) 100vw, 1024px\" \/>\t\t\t\t\t<\/a>\n\t\t\t\t\t\t\t<\/div>\n\t\t\t\t\t\t<h4 class=\"uagb-post__title uagb-post__text\">\n\t\t\t\t<a href=\"https:\/\/osaservice.ee\/et\/tuhamaed\/ahtme-tuhamae-leiud-kaivitasid-toorainepankade-suurprojekti\/\" target=\"_self\" rel=\"bookmark noopener noreferrer\">Ahtme tuham\u00e4e leiud k\u00e4ivitasid toorainepankade suurprojekti<\/a>\n\t\t\t<\/h4>\n\t\t\t\t\t\t<div class='uagb-post__text uagb-post-grid-byline'>\n\t\t\t\t\t\t\t\t<time datetime=\"2023-06-22T14:16:43+02:00\" class=\"uagb-post__date\">\n\t\t\t\t\t\t\t\t\t22. juuni 2023\t\t\t\t<\/time>\n\t\t\t\t\t\t<\/div>\n\t\t\t\t\t\t\t<div class='uagb-post__text uagb-post__excerpt'>\n\t\t\t\t\tRagn-Sellsi edukad puurimist\u00f6\u00f6d Ahtme vanal tuham\u00e4el panid aluse Tartu \u00dclikooli ulatuslikule teadusprojektile, mille eesm\u00e4rk on&#8230;\t\t\t\t<\/div>\n\t\t\t\t\t\t<div class=\"uagb-post__text uagb-post__cta wp-block-button\">\n\t\t\t\t<a class=\"wp-block-button__link uagb-text-link\" style=\"\" href=\"https:\/\/osaservice.ee\/et\/tuhamaed\/ahtme-tuhamae-leiud-kaivitasid-toorainepankade-suurprojekti\/\" target=\"_self\" rel=\"bookmark noopener noreferrer\">Loe edasi<\/a>\n\t\t\t<\/div>\n\t\t\t\n\t\t\t\t\t\t\t\t\t<\/article>\n\t\t\t\t\t\t\t\t\t\t\t\t\t\t\t\t<article class=\"uagb-post__inner-wrap\">\t\t\t\t\t\t\t\t<div class='uagb-post__image'>\n\t\t\t\t\t\t\t\t\t<a href=\"https:\/\/osaservice.ee\/et\/ehitus\/ragn-sellsi-polevkivituhkade-vaarindamise-tehase-ehitusjuht-on-kady-parnaku\/\" target=\"_self\" rel=\"bookmark noopener noreferrer\" class='uagb-image-ratio-2-3'><img loading=\"lazy\" decoding=\"async\" width=\"1024\" height=\"683\" src=\"https:\/\/osaservice.ee\/wp-content\/uploads\/2022\/12\/RAGN_SELLS_portP-8-2-1024x683.jpg\" class=\"attachment-large size-large\" alt=\"\" srcset=\"https:\/\/osaservice.ee\/wp-content\/uploads\/2022\/12\/RAGN_SELLS_portP-8-2-1024x683.jpg 1024w, https:\/\/osaservice.ee\/wp-content\/uploads\/2022\/12\/RAGN_SELLS_portP-8-2-300x200.jpg 300w, https:\/\/osaservice.ee\/wp-content\/uploads\/2022\/12\/RAGN_SELLS_portP-8-2-768x512.jpg 768w, https:\/\/osaservice.ee\/wp-content\/uploads\/2022\/12\/RAGN_SELLS_portP-8-2-1536x1024.jpg 1536w, https:\/\/osaservice.ee\/wp-content\/uploads\/2022\/12\/RAGN_SELLS_portP-8-2-2048x1366.jpg 2048w, https:\/\/osaservice.ee\/wp-content\/uploads\/2022\/12\/RAGN_SELLS_portP-8-2-18x12.jpg 18w\" sizes=\"auto, (max-width: 1024px) 100vw, 1024px\" \/>\t\t\t\t\t<\/a>\n\t\t\t\t\t\t\t<\/div>\n\t\t\t\t\t\t<h4 class=\"uagb-post__title uagb-post__text\">\n\t\t\t\t<a href=\"https:\/\/osaservice.ee\/et\/ehitus\/ragn-sellsi-polevkivituhkade-vaarindamise-tehase-ehitusjuht-on-kady-parnaku\/\" target=\"_self\" rel=\"bookmark noopener noreferrer\">Ragn-Sellsi p\u00f5levkivituhkade v\u00e4\u00e4rindamise tehase ehitusjuht on Kady P\u00e4rnaku<\/a>\n\t\t\t<\/h4>\n\t\t\t\t\t\t<div class='uagb-post__text uagb-post-grid-byline'>\n\t\t\t\t\t\t\t\t<time datetime=\"2022-12-16T11:37:41+02:00\" class=\"uagb-post__date\">\n\t\t\t\t\t\t\t\t\t16. dets. 2022\t\t\t\t<\/time>\n\t\t\t\t\t\t<\/div>\n\t\t\t\t\t\t\t<div class='uagb-post__text uagb-post__excerpt'>\n\t\t\t\t\t<p>Ragn-Sellsi OSA projektiga on liitunud rahvusvaheliste kogemustega ehitusjuht Kady P\u00e4rnaku, kelle eestvedamisel hakatakse praeguste plaanide&#8230;\t\t\t\t<\/div>\n\t\t\t\t\t\t<div class=\"uagb-post__text uagb-post__cta wp-block-button\">\n\t\t\t\t<a class=\"wp-block-button__link uagb-text-link\" style=\"\" href=\"https:\/\/osaservice.ee\/et\/ehitus\/ragn-sellsi-polevkivituhkade-vaarindamise-tehase-ehitusjuht-on-kady-parnaku\/\" target=\"_self\" rel=\"bookmark noopener noreferrer\">Loe edasi<\/a>\n\t\t\t<\/div>\n\t\t\t\n\t\t\t\t\t\t\t\t\t<\/article>\n\t\t\t\t\t\t\t\t\t\t\t\t\t\t\t\t<article class=\"uagb-post__inner-wrap\">\t\t\t\t\t\t\t\t<div class='uagb-post__image'>\n\t\t\t\t\t\t\t\t\t<a href=\"https:\/\/osaservice.ee\/et\/sundmused\/ragn-sells-cop27-l-votke-eestist-eeskuju-ja-muutke-oma-tuhamaed-toorainepankadeks\/\" target=\"_self\" rel=\"bookmark noopener noreferrer\" class='uagb-image-ratio-2-3'><img loading=\"lazy\" decoding=\"async\" width=\"1024\" height=\"683\" src=\"https:\/\/osaservice.ee\/wp-content\/uploads\/2022\/11\/Saluste-paremal-1-1024x683.jpg\" class=\"attachment-large size-large\" alt=\"\" srcset=\"https:\/\/osaservice.ee\/wp-content\/uploads\/2022\/11\/Saluste-paremal-1-1024x683.jpg 1024w, https:\/\/osaservice.ee\/wp-content\/uploads\/2022\/11\/Saluste-paremal-1-300x200.jpg 300w, https:\/\/osaservice.ee\/wp-content\/uploads\/2022\/11\/Saluste-paremal-1-768x512.jpg 768w, https:\/\/osaservice.ee\/wp-content\/uploads\/2022\/11\/Saluste-paremal-1-1536x1024.jpg 1536w, https:\/\/osaservice.ee\/wp-content\/uploads\/2022\/11\/Saluste-paremal-1-18x12.jpg 18w, https:\/\/osaservice.ee\/wp-content\/uploads\/2022\/11\/Saluste-paremal-1.jpg 1726w\" sizes=\"auto, (max-width: 1024px) 100vw, 1024px\" \/>\t\t\t\t\t<\/a>\n\t\t\t\t\t\t\t<\/div>\n\t\t\t\t\t\t<h4 class=\"uagb-post__title uagb-post__text\">\n\t\t\t\t<a href=\"https:\/\/osaservice.ee\/et\/sundmused\/ragn-sells-cop27-l-votke-eestist-eeskuju-ja-muutke-oma-tuhamaed-toorainepankadeks\/\" target=\"_self\" rel=\"bookmark noopener noreferrer\">Ragn-Sells COP27-l: v\u00f5tke Eestist eeskuju ja muutke oma tuham\u00e4ed toorainepankadeks<\/a>\n\t\t\t<\/h4>\n\t\t\t\t\t\t<div class='uagb-post__text uagb-post-grid-byline'>\n\t\t\t\t\t\t\t\t<time datetime=\"2022-11-18T11:47:11+02:00\" class=\"uagb-post__date\">\n\t\t\t\t\t\t\t\t\t18. nov. 2022\t\t\t\t<\/time>\n\t\t\t\t\t\t<\/div>\n\t\t\t\t\t\t\t<div class='uagb-post__text uagb-post__excerpt'>\n\t\t\t\t\tRagn-Sellsi p\u00f5levkivituhkade v\u00e4\u00e4rindamise projekti juht Alar Saluste tegi Egiptuses \u00dcRO kliimakonverentsil COP27 \u00fcleskutse: v\u00f5tke Eestist&#8230;\t\t\t\t<\/div>\n\t\t\t\t\t\t<div class=\"uagb-post__text uagb-post__cta wp-block-button\">\n\t\t\t\t<a class=\"wp-block-button__link uagb-text-link\" style=\"\" href=\"https:\/\/osaservice.ee\/et\/sundmused\/ragn-sells-cop27-l-votke-eestist-eeskuju-ja-muutke-oma-tuhamaed-toorainepankadeks\/\" target=\"_self\" rel=\"bookmark noopener noreferrer\">Loe edasi<\/a>\n\t\t\t<\/div>\n\t\t\t\n\t\t\t\t\t\t\t\t\t<\/article>\n\t\t\t\t\t\t\t\t\t\t\t\t\t<div class=\"uagb-post-pagination-wrap\">\n\t\t\t\t\t\t<span aria-current=\"page\" class=\"page-numbers current\">1<\/span>\n<a class=\"page-numbers\" href=\"https:\/\/osaservice.ee\/et\/wp-json\/wp\/v2\/pages\/1937\/page\/2\/\">2<\/a>\n<a class=\"page-numbers\" href=\"https:\/\/osaservice.ee\/et\/wp-json\/wp\/v2\/pages\/1937\/page\/3\/\">3<\/a>\n<a class=\"page-numbers\" href=\"https:\/\/osaservice.ee\/et\/wp-json\/wp\/v2\/pages\/1937\/page\/4\/\">4<\/a>\n<a class=\"page-numbers\" href=\"https:\/\/osaservice.ee\/et\/wp-json\/wp\/v2\/pages\/1937\/page\/5\/\">5<\/a>\n<a class=\"next page-numbers\" href=\"https:\/\/osaservice.ee\/et\/wp-json\/wp\/v2\/pages\/1937\/page\/2\/\">Next \u00bb<\/a>\t\t\t\t\t<\/div>\n\t\t\t\t\t\t\t\t<\/div>\n\t\t\t","protected":false},"excerpt":{"rendered":"","protected":false},"author":2,"featured_media":0,"parent":0,"menu_order":0,"comment_status":"closed","ping_status":"closed","template":"","meta":{"_uag_custom_page_level_css":"","site-sidebar-layout":"no-sidebar","site-content-layout":"page-builder","ast-site-content-layout":"default","site-content-style":"default","site-sidebar-style":"default","ast-global-header-display":"","ast-banner-title-visibility":"","ast-main-header-display":"","ast-hfb-above-header-display":"","ast-hfb-below-header-display":"","ast-hfb-mobile-header-display":"","site-post-title":"disabled","ast-breadcrumbs-content":"","ast-featured-img":"","footer-sml-layout":"","ast-disable-related-posts":"","theme-transparent-header-meta":"enabled","adv-header-id-meta":"","stick-header-meta":"","header-above-stick-meta":"","header-main-stick-meta":"","header-below-stick-meta":"","astra-migrate-meta-layouts":"default","ast-page-background-enabled":"default","ast-page-background-meta":{"desktop":{"background-color":"var(--ast-global-color-4)","background-image":"","background-repeat":"repeat","background-position":"center center","background-size":"auto","background-attachment":"scroll","background-type":"","background-media":"","overlay-type":"","overlay-color":"","overlay-opacity":"","overlay-gradient":""},"tablet":{"background-color":"","background-image":"","background-repeat":"repeat","background-position":"center center","background-size":"auto","background-attachment":"scroll","background-type":"","background-media":"","overlay-type":"","overlay-color":"","overlay-opacity":"","overlay-gradient":""},"mobile":{"background-color":"","background-image":"","background-repeat":"repeat","background-position":"center center","background-size":"auto","background-attachment":"scroll","background-type":"","background-media":"","overlay-type":"","overlay-color":"","overlay-opacity":"","overlay-gradient":""}},"ast-content-background-meta":{"desktop":{"background-color":"var(--ast-global-color-5)","background-image":"","background-repeat":"repeat","background-position":"center center","background-size":"auto","background-attachment":"scroll","background-type":"","background-media":"","overlay-type":"","overlay-color":"","overlay-opacity":"","overlay-gradient":""},"tablet":{"background-color":"var(--ast-global-color-5)","background-image":"","background-repeat":"repeat","background-position":"center center","background-size":"auto","background-attachment":"scroll","background-type":"","background-media":"","overlay-type":"","overlay-color":"","overlay-opacity":"","overlay-gradient":""},"mobile":{"background-color":"var(--ast-global-color-5)","background-image":"","background-repeat":"repeat","background-position":"center center","background-size":"auto","background-attachment":"scroll","background-type":"","background-media":"","overlay-type":"","overlay-color":"","overlay-opacity":"","overlay-gradient":""}},"footnotes":""},"class_list":["post-1937","page","type-page","status-publish","hentry"],"uagb_featured_image_src":{"full":false,"thumbnail":false,"medium":false,"medium_large":false,"large":false,"1536x1536":false,"2048x2048":false,"trp-custom-language-flag":false},"uagb_author_info":{"display_name":"Rainer Pesti","author_link":"https:\/\/osaservice.ee\/et\/author\/rainer\/"},"uagb_comment_info":0,"uagb_excerpt":null,"_links":{"self":[{"href":"https:\/\/osaservice.ee\/et\/wp-json\/wp\/v2\/pages\/1937","targetHints":{"allow":["GET"]}}],"collection":[{"href":"https:\/\/osaservice.ee\/et\/wp-json\/wp\/v2\/pages"}],"about":[{"href":"https:\/\/osaservice.ee\/et\/wp-json\/wp\/v2\/types\/page"}],"author":[{"embeddable":true,"href":"https:\/\/osaservice.ee\/et\/wp-json\/wp\/v2\/users\/2"}],"replies":[{"embeddable":true,"href":"https:\/\/osaservice.ee\/et\/wp-json\/wp\/v2\/comments?post=1937"}],"version-history":[{"count":14,"href":"https:\/\/osaservice.ee\/et\/wp-json\/wp\/v2\/pages\/1937\/revisions"}],"predecessor-version":[{"id":2561,"href":"https:\/\/osaservice.ee\/et\/wp-json\/wp\/v2\/pages\/1937\/revisions\/2561"}],"wp:attachment":[{"href":"https:\/\/osaservice.ee\/et\/wp-json\/wp\/v2\/media?parent=1937"}],"curies":[{"name":"wp","href":"https:\/\/api.w.org\/{rel}","templated":true}]}}