{"id":2023,"date":"2023-07-07T14:23:36","date_gmt":"2023-07-07T12:23:36","guid":{"rendered":"https:\/\/uus.osaservice.ee\/?page_id=2023"},"modified":"2023-07-14T11:02:29","modified_gmt":"2023-07-14T09:02:29","slug":"tuhamagede-vaarindamine","status":"publish","type":"page","link":"https:\/\/osaservice.ee\/et\/tuhamagede-vaarindamine\/","title":{"rendered":"Tuham\u00e4gede v\u00e4\u00e4rindamine"},"content":{"rendered":"\n<div class=\"wp-block-uagb-container uagb-block-4421d5b8 alignfull uagb-is-root-container\"><div class=\"uagb-container-inner-blocks-wrap\">\n<div class=\"wp-block-uagb-info-box uagb-block-8d08fc7c uagb-infobox__content-wrap  uagb-infobox-icon-above-title uagb-infobox-image-valign-top\"><div class=\"uagb-ifb-content\"><div class=\"uagb-ifb-title-wrap\"><h1 class=\"uagb-ifb-title\">Looduse ja inimeste h\u00fcvanguks<\/h1><\/div><\/div><\/div>\n<\/div><\/div>\n\n\n\n<div class=\"wp-block-uagb-container uagb-block-647a18e2 alignfull uagb-is-root-container\"><div class=\"uagb-container-inner-blocks-wrap\">\n<div class=\"wp-block-uagb-container uagb-block-3c5f7f51\">\n<div class=\"wp-block-uagb-info-box uagb-block-aece302b uagb-infobox__content-wrap  uagb-infobox-icon-above-title uagb-infobox-image-valign-top\"><div class=\"uagb-ifb-content\"><div class=\"uagb-ifb-title-wrap\"><h2 class=\"uagb-ifb-title\">Eesti ringmajanduse edulugu<\/h2><\/div><p class=\"uagb-ifb-desc\">P\u00f5levkivituha v\u00e4\u00e4rindamine on ainulaadne protsess, kus j\u00e4\u00e4tmed muudetakse v\u00e4\u00e4rtuslikuks ressursiks. See innovatiivne tehnoloogia tagab v\u00f5imalikult j\u00e4\u00e4tmevaba l\u00f5pptulemuse, kasutades energiat minimaalselt ning taaskasutades vett. P\u00f5levkivituha v\u00e4\u00e4rindamise ja CO2 sidumise mastaapne ja innovatiivne projekt on t\u00e4helepanuv\u00e4\u00e4rne kogu maailma kontekstis. Projekt peidab endas potentsiaali laiendada rakendust ka teistesse p\u00f5levkivi kasutavatesse riikidesse. Lisaks parendab mahult \u00fche suurema j\u00e4\u00e4tmesegmendi taaskasutusse suunamine Eesti positsiooni j\u00e4\u00e4tmetekke ja taaskasutuseesm\u00e4rkide saavutamisel.<\/p><\/div><\/div>\n<\/div>\n\n\n\n<div class=\"wp-block-uagb-container uagb-block-d4c32371\">\n<div class=\"wp-block-uagb-image alignright uagb-block-ed6760de wp-block-uagb-image--layout-default wp-block-uagb-image--effect-static wp-block-uagb-image--align-right\"><figure class=\"wp-block-uagb-image__figure\"><img decoding=\"async\" srcset=\"https:\/\/osaservice.ee\/wp-content\/uploads\/2023\/07\/OSA_Service_Skeem-10.png \" sizes=\"auto, (max-width: 480px) 150px\" src=\"https:\/\/osaservice.ee\/wp-content\/uploads\/2023\/07\/OSA_Service_Skeem-10.png\" alt=\"\" class=\"uag-image-2239\" width=\"500\" height=\"1080\" title=\"\" loading=\"lazy\"\/><\/figure><\/div>\n<\/div>\n<\/div><\/div>\n\n\n\n<div class=\"wp-block-uagb-container uagb-block-53767c7e alignfull uagb-is-root-container\"><div class=\"uagb-container-inner-blocks-wrap\">\n<div class=\"wp-block-uagb-container uagb-block-d80220fb\">\n<div class=\"wp-block-uagb-image alignleft uagb-block-f53daac5 wp-block-uagb-image--layout-default wp-block-uagb-image--effect-static wp-block-uagb-image--align-left\"><figure class=\"wp-block-uagb-image__figure\"><img decoding=\"async\" srcset=\"https:\/\/osaservice.ee\/wp-content\/uploads\/2023\/07\/OSA_Service_Skeem-11.png \" sizes=\"auto, (max-width: 480px) 150px\" src=\"https:\/\/osaservice.ee\/wp-content\/uploads\/2023\/07\/OSA_Service_Skeem-11.png\" alt=\"\" class=\"uag-image-2241\" width=\"500\" height=\"1080\" title=\"\" loading=\"lazy\"\/><\/figure><\/div>\n<\/div>\n\n\n\n<div class=\"wp-block-uagb-container uagb-block-2a2bf7c1\">\n<div class=\"wp-block-uagb-info-box uagb-block-d1d0b732 uagb-infobox__content-wrap  uagb-infobox-icon-above-title uagb-infobox-image-valign-top\"><div class=\"uagb-ifb-content\"><div class=\"uagb-ifb-title-wrap\"><h2 class=\"uagb-ifb-title\">Vastutustundlik ressursside kasutamine<\/h2><\/div><p class=\"uagb-ifb-desc\">P\u00f5levkivituha v\u00e4\u00e4rindamise projekti \u00fcks olulisemaid eesm\u00e4rke on v\u00e4hendada loodusressursside kaevandamist. Materjalid, mida p\u00f5levkivituhast toodetakse, on vajalikud paljudele tootmissektoritele, mida varem toodeti kaevandatud loodusressurssidest, kulutades seel\u00e4bi ohtralt energiat ja paisates \u00f5hku suuri koguseid CO2-te. N\u00fc\u00fcd on v\u00f5imalik neid materjale saada juba eksisteerivatest j\u00e4\u00e4tmetest, mis v\u00e4hendab m\u00e4rkimisv\u00e4\u00e4rselt kaevandamis- ja tootmism\u00f5ju ning tagab CO2-neutraalse tootmisprotsessi. See samm aitab v\u00e4hendada ka Eesti CO2 jalaj\u00e4lge ja parandab elukeskkonda kogu riigis.<\/p><\/div><\/div>\n<\/div>\n<\/div><\/div>\n\n\n\n<div class=\"wp-block-uagb-container uagb-block-bce80b6b alignfull uagb-is-root-container\"><div class=\"uagb-container-inner-blocks-wrap\">\n<div class=\"wp-block-uagb-container uagb-block-a03eabfd\">\n<div class=\"wp-block-uagb-info-box uagb-block-e5150c55 uagb-infobox__content-wrap  uagb-infobox-icon-above-title uagb-infobox-image-valign-top\"><div class=\"uagb-ifb-content\"><div class=\"uagb-ifb-title-wrap\"><h2 class=\"uagb-ifb-title\">Ettev\u00f5tluse soodustamine, investeeringud ja uued t\u00f6\u00f6kohad<\/h2><\/div><p class=\"uagb-ifb-desc\">Projekti innovatiivne olemus ja ringmajanduse p\u00f5him\u00f5tete rakendamine toob kaasa ka ettev\u00f5tluskeskkonna elavnemise. See loob Ida-Virumaale uusi t\u00f6\u00f6kohti nii tootmis\u00fcksuses kui sellega seotud valdkondades nagu logistika, samuti v\u00f5imaldab olemasolevat infrastruktuuri \u2013 sealhulgas teid, raudteid ja sadamaid \u2013 veelgi efektiivsemalt kasutada. T\u00e4iendavad t\u00f6\u00f6kohad ja \u00e4ritegevus toovad omakorda kasu kohalikule omavalitsusele suuremate maksutulude n\u00e4ol, mida saab suunata kogukonna h\u00fcvanguks.<\/p><\/div><\/div>\n<\/div>\n\n\n\n<div class=\"wp-block-uagb-container uagb-block-a4fd8d5f\">\n<div class=\"wp-block-uagb-image alignright uagb-block-17dfa3aa wp-block-uagb-image--layout-default wp-block-uagb-image--effect-static wp-block-uagb-image--align-right\"><figure class=\"wp-block-uagb-image__figure\"><img decoding=\"async\" srcset=\"https:\/\/osaservice.ee\/wp-content\/uploads\/2023\/07\/OSA_Service_Skeem-12.png \" sizes=\"auto, (max-width: 480px) 150px\" src=\"https:\/\/osaservice.ee\/wp-content\/uploads\/2023\/07\/OSA_Service_Skeem-12.png\" alt=\"\" class=\"uag-image-2243\" width=\"500\" height=\"1080\" title=\"\" loading=\"lazy\"\/><\/figure><\/div>\n<\/div>\n<\/div><\/div>\n\n\n\n<div class=\"wp-block-uagb-container uagb-block-0d081f5a alignfull uagb-is-root-container\"><div class=\"uagb-container-inner-blocks-wrap\">\n<figure class=\"wp-block-embed is-type-video is-provider-youtube wp-block-embed-youtube wp-embed-aspect-16-9 wp-has-aspect-ratio\"><div class=\"wp-block-embed__wrapper\">\n<iframe loading=\"lazy\" title=\"Ragn-Sells tuham\u00e4gede puurimine\" width=\"500\" height=\"281\" src=\"https:\/\/www.youtube.com\/embed\/YauAZpVXu28?feature=oembed\" frameborder=\"0\" allow=\"accelerometer; autoplay; clipboard-write; encrypted-media; gyroscope; picture-in-picture; web-share\" referrerpolicy=\"strict-origin-when-cross-origin\" allowfullscreen><\/iframe>\n<\/div><\/figure>\n<\/div><\/div>\n\n\n\n<div class=\"wp-block-uagb-container uagb-block-9658a227 alignfull uagb-is-root-container\"><div class=\"uagb-container-inner-blocks-wrap\">\n<div class=\"wp-block-uagb-info-box uagb-block-87236dde uagb-infobox__content-wrap  uagb-infobox-icon-above-title uagb-infobox-image-valign-top\"><div class=\"uagb-ifb-content\"><div class=\"uagb-ifb-title-wrap\"><h2 class=\"uagb-ifb-title\">Teisi Ragn-Sellsi poolt elluviidud ringmajanduse innovatsioone<\/h2><\/div><\/div><\/div>\n<\/div><\/div>\n\n\n\n<div class=\"wp-block-uagb-container uagb-block-98d1a56c alignfull uagb-is-root-container\"><div class=\"uagb-container-inner-blocks-wrap\">\n<div class=\"wp-block-uagb-container uagb-block-058b0b02\">\n<div class=\"wp-block-uagb-info-box uagb-block-82c62716 uagb-infobox__content-wrap  uagb-infobox-icon-above-title uagb-infobox-image-valign-top\"><div class=\"uagb-ifb-content\"><div class=\"uagb-ifb-image-content\"><img decoding=\"async\" src=\"https:\/\/osaservice.ee\/wp-content\/uploads\/2023\/07\/ash2salt2-scaled.jpg\" alt=\"\" width=\"\" height=\"0\" loading=\"lazy\"\/><\/div><div class=\"uagb-ifb-title-wrap\"><h2 class=\"uagb-ifb-title\">Soolade eraldamine lendtuhkadest<\/h2><\/div><p class=\"uagb-ifb-desc\">Ragn-Sellsi patenteeritud tehnoloogia, mis aitab j\u00e4\u00e4tmep\u00f5letuse tuhad muuta keskkonnale ohutuks ja v\u00e4\u00e4rindada need t\u00f6\u00f6stuslikeks sooladeks.<\/p><div class=\"uagb-ifb-button-wrapper wp-block-button\"><a href=\"https:\/\/www.easymining.com\/technologies\/ash2salt\/\" class=\"uagb-infobox-cta-link wp-block-button__link\" target=\"_blank\" rel=\"noopener noreferrer\" onclick=\"return true;\" alt=\"\"><span class=\"uagb-inline-editing\">Ash2Salt projekt<\/span><\/a><\/div><\/div><\/div>\n<\/div>\n\n\n\n<div class=\"wp-block-uagb-container uagb-block-4c10cb84\">\n<div class=\"wp-block-uagb-info-box uagb-block-d6a56e24 uagb-infobox__content-wrap  uagb-infobox-icon-above-title uagb-infobox-image-valign-top\"><div class=\"uagb-ifb-content\"><div class=\"uagb-ifb-image-content\"><img decoding=\"async\" src=\"https:\/\/osaservice.ee\/wp-content\/uploads\/2023\/07\/ash2phos.jpg\" alt=\"\" width=\"\" height=\"0\" loading=\"lazy\"\/><\/div><div class=\"uagb-ifb-title-wrap\"><h2 class=\"uagb-ifb-title\">Fosfori eraldamine reoveemudadest<\/h2><\/div><p class=\"uagb-ifb-desc\">Tehnoloogia, mis v\u00f5imaldab veepuhastusjaamade reoveemudade tuhkadest v\u00e4lja v\u00f5tta fosfori ja suunata selle tagasi p\u00f5llumajandusse.<\/p><div class=\"uagb-ifb-button-wrapper wp-block-button\"><a href=\"https:\/\/www.easymining.com\/technologies\/ash2phos\/\" class=\"uagb-infobox-cta-link wp-block-button__link\" target=\"_blank\" rel=\"noopener noreferrer\" onclick=\"return true;\" alt=\"\"><span class=\"uagb-inline-editing\">Ash2Phos projekt<\/span><\/a><\/div><\/div><\/div>\n<\/div>\n<\/div><\/div>\n\n\n\n<div class=\"wp-block-uagb-container uagb-block-1aa4fc09 alignfull uagb-is-root-container\"><div class=\"uagb-container-inner-blocks-wrap\">\n<div class=\"wp-block-uagb-container uagb-block-9b16075e\">\n<div class=\"wp-block-uagb-info-box uagb-block-46587ac1 uagb-infobox__content-wrap  uagb-infobox-icon-above-title uagb-infobox-image-valign-top\"><div class=\"uagb-ifb-content\"><div class=\"uagb-ifb-image-content\"><img decoding=\"async\" src=\"https:\/\/osaservice.ee\/wp-content\/uploads\/2023\/07\/cleanmap2-scaled.jpg\" alt=\"\" width=\"\" height=\"0\" loading=\"lazy\"\/><\/div><div class=\"uagb-ifb-title-wrap\"><h2 class=\"uagb-ifb-title\">Ammooniumfosfaadid kaevandustest<\/h2><\/div><p class=\"uagb-ifb-desc\">Tehnoloogia v\u00f5imaldab kaevandusj\u00e4\u00e4tmetest energias\u00e4\u00e4stlikult eraldada ammooniumfosfaate v\u00e4etiste tootmiseks.<\/p><div class=\"uagb-ifb-button-wrapper wp-block-button\"><a href=\"https:\/\/www.easymining.com\/technologies\/cleanmap\/\" class=\"uagb-infobox-cta-link wp-block-button__link\" target=\"_blank\" rel=\"noopener noreferrer\" onclick=\"return true;\" alt=\"\"><span class=\"uagb-inline-editing\">CleanMap projekt<\/span><\/a><\/div><\/div><\/div>\n<\/div>\n\n\n\n<div class=\"wp-block-uagb-container uagb-block-c83ec156\">\n<div class=\"wp-block-uagb-info-box uagb-block-eb33d3f4 uagb-infobox__content-wrap  uagb-infobox-icon-above-title uagb-infobox-image-valign-top\"><div class=\"uagb-ifb-content\"><div class=\"uagb-ifb-image-content\"><img decoding=\"async\" src=\"https:\/\/osaservice.ee\/wp-content\/uploads\/2023\/07\/cleanmap-scaled.jpg\" alt=\"\" width=\"\" height=\"0\" loading=\"lazy\"\/><\/div><div class=\"uagb-ifb-title-wrap\"><h2 class=\"uagb-ifb-title\">L\u00e4mmastiku eraldamine reoveest<\/h2><\/div><p class=\"uagb-ifb-desc\">Innovaatiline tehnoloogia, mille abil eraldatakse veekogudest l\u00e4mmastik, et seda siis uuesti kasutusele v\u00f5tta.<\/p><div class=\"uagb-ifb-button-wrapper wp-block-button\"><a href=\"https:\/\/www.easymining.com\/technologies\/aqua2n\/\" class=\"uagb-infobox-cta-link wp-block-button__link\" target=\"_blank\" rel=\"noopener noreferrer\" onclick=\"return true;\" alt=\"\"><span class=\"uagb-inline-editing\">Aqua2N projekt<\/span><\/a><\/div><\/div><\/div>\n<\/div>\n<\/div><\/div>\n","protected":false},"excerpt":{"rendered":"","protected":false},"author":2,"featured_media":0,"parent":0,"menu_order":0,"comment_status":"closed","ping_status":"closed","template":"","meta":{"_uag_custom_page_level_css":"","site-sidebar-layout":"no-sidebar","site-content-layout":"page-builder","ast-site-content-layout":"default","site-content-style":"default","site-sidebar-style":"default","ast-global-header-display":"","ast-banner-title-visibility":"","ast-main-header-display":"","ast-hfb-above-header-display":"","ast-hfb-below-header-display":"","ast-hfb-mobile-header-display":"","site-post-title":"disabled","ast-breadcrumbs-content":"","ast-featured-img":"","footer-sml-layout":"","ast-disable-related-posts":"","theme-transparent-header-meta":"enabled","adv-header-id-meta":"","stick-header-meta":"","header-above-stick-meta":"","header-main-stick-meta":"","header-below-stick-meta":"","astra-migrate-meta-layouts":"default","ast-page-background-enabled":"default","ast-page-background-meta":{"desktop":{"background-color":"var(--ast-global-color-4)","background-image":"","background-repeat":"repeat","background-position":"center center","background-size":"auto","background-attachment":"scroll","background-type":"","background-media":"","overlay-type":"","overlay-color":"","overlay-opacity":"","overlay-gradient":""},"tablet":{"background-color":"","background-image":"","background-repeat":"repeat","background-position":"center center","background-size":"auto","background-attachment":"scroll","background-type":"","background-media":"","overlay-type":"","overlay-color":"","overlay-opacity":"","overlay-gradient":""},"mobile":{"background-color":"","background-image":"","background-repeat":"repeat","background-position":"center center","background-size":"auto","background-attachment":"scroll","background-type":"","background-media":"","overlay-type":"","overlay-color":"","overlay-opacity":"","overlay-gradient":""}},"ast-content-background-meta":{"desktop":{"background-color":"var(--ast-global-color-5)","background-image":"","background-repeat":"repeat","background-position":"center center","background-size":"auto","background-attachment":"scroll","background-type":"","background-media":"","overlay-type":"","overlay-color":"","overlay-opacity":"","overlay-gradient":""},"tablet":{"background-color":"var(--ast-global-color-5)","background-image":"","background-repeat":"repeat","background-position":"center center","background-size":"auto","background-attachment":"scroll","background-type":"","background-media":"","overlay-type":"","overlay-color":"","overlay-opacity":"","overlay-gradient":""},"mobile":{"background-color":"var(--ast-global-color-5)","background-image":"","background-repeat":"repeat","background-position":"center center","background-size":"auto","background-attachment":"scroll","background-type":"","background-media":"","overlay-type":"","overlay-color":"","overlay-opacity":"","overlay-gradient":""}},"footnotes":""},"class_list":["post-2023","page","type-page","status-publish","hentry"],"uagb_featured_image_src":{"full":false,"thumbnail":false,"medium":false,"medium_large":false,"large":false,"1536x1536":false,"2048x2048":false,"trp-custom-language-flag":false},"uagb_author_info":{"display_name":"Rainer Pesti","author_link":"https:\/\/osaservice.ee\/et\/author\/rainer\/"},"uagb_comment_info":0,"uagb_excerpt":null,"_links":{"self":[{"href":"https:\/\/osaservice.ee\/et\/wp-json\/wp\/v2\/pages\/2023","targetHints":{"allow":["GET"]}}],"collection":[{"href":"https:\/\/osaservice.ee\/et\/wp-json\/wp\/v2\/pages"}],"about":[{"href":"https:\/\/osaservice.ee\/et\/wp-json\/wp\/v2\/types\/page"}],"author":[{"embeddable":true,"href":"https:\/\/osaservice.ee\/et\/wp-json\/wp\/v2\/users\/2"}],"replies":[{"embeddable":true,"href":"https:\/\/osaservice.ee\/et\/wp-json\/wp\/v2\/comments?post=2023"}],"version-history":[{"count":35,"href":"https:\/\/osaservice.ee\/et\/wp-json\/wp\/v2\/pages\/2023\/revisions"}],"predecessor-version":[{"id":2249,"href":"https:\/\/osaservice.ee\/et\/wp-json\/wp\/v2\/pages\/2023\/revisions\/2249"}],"wp:attachment":[{"href":"https:\/\/osaservice.ee\/et\/wp-json\/wp\/v2\/media?parent=2023"}],"curies":[{"name":"wp","href":"https:\/\/api.w.org\/{rel}","templated":true}]}}