{"id":2044,"date":"2023-07-07T14:43:08","date_gmt":"2023-07-07T12:43:08","guid":{"rendered":"https:\/\/uus.osaservice.ee\/?page_id=2044"},"modified":"2025-02-28T12:54:17","modified_gmt":"2025-02-28T10:54:17","slug":"tootmine","status":"publish","type":"page","link":"https:\/\/osaservice.ee\/et\/tootmine\/","title":{"rendered":"Tootmine"},"content":{"rendered":"\n<div class=\"wp-block-uagb-container uagb-block-a745e69c alignfull uagb-is-root-container\"><div class=\"uagb-container-inner-blocks-wrap\">\n<div class=\"wp-block-uagb-info-box uagb-block-6e653a00 uagb-infobox__content-wrap  uagb-infobox-icon-above-title uagb-infobox-image-valign-top\"><div class=\"uagb-ifb-content\"><div class=\"uagb-ifb-title-wrap\"><h1 class=\"uagb-ifb-title\">Kliimaneutraalne tootmisprotsess<\/h1><\/div><\/div><\/div>\n<\/div><\/div>\n\n\n\n<div class=\"wp-block-uagb-container uagb-block-0616b55c alignfull uagb-is-root-container\"><div class=\"uagb-container-inner-blocks-wrap\">\n<div class=\"wp-block-uagb-container uagb-block-35b552ee\">\n<div class=\"wp-block-uagb-info-box uagb-block-36c77e53 uagb-infobox__content-wrap  uagb-infobox-icon-above-title uagb-infobox-image-valign-top\"><div class=\"uagb-ifb-content\"><div class=\"uagb-ifb-image-content\"><img decoding=\"async\" src=\"https:\/\/osaservice.ee\/wp-content\/uploads\/2023\/07\/OSA_Service_Skeem-14-1024x1024.png\" alt=\"\" width=\"\" height=\"0\" loading=\"lazy\"\/><\/div><div class=\"uagb-ifb-title-wrap\"><h2 class=\"uagb-ifb-title\">Sektorite\u00fclene koost\u00f6\u00f6<\/h2><\/div><p class=\"uagb-ifb-desc\">Tootmistehnoloogia, mille l\u00e4hte\u00fclesandeks on elektrienergia tootmisest tekkinud lend- ja koldetuhkade kliimaneutraalne v\u00e4\u00e4rindamine, on v\u00e4lja t\u00f6\u00f6tatud koost\u00f6\u00f6s <a href=\"https:\/\/www.ragnsells.ee\/\" target=\"_blank\" rel=\"noreferrer noopener\">Ragn-Sellsi<\/a>, <a href=\"https:\/\/taltech.ee\/\" target=\"_blank\" rel=\"noreferrer noopener\">TalTechi<\/a> ja <a href=\"https:\/\/ut.ee\/et\" target=\"_blank\" rel=\"noreferrer noopener\">Tartu \u00dclikooli<\/a> teadlastega. Erinevate toodete tootmise tehnoloogia varieerub, kuid \u00fchiseks komponendiks on j\u00e4\u00e4tme- ja emissioonivaba tootmine, kus k\u00f5ik materjalid on ringluses.<\/p><\/div><\/div>\n<\/div>\n\n\n\n<div class=\"wp-block-uagb-container uagb-block-8a03677d\">\n<div class=\"wp-block-uagb-info-box uagb-block-75bd8ca2 uagb-infobox__content-wrap  uagb-infobox-icon-above-title uagb-infobox-image-valign-top\"><div class=\"uagb-ifb-content\"><div class=\"uagb-ifb-image-content\"><img decoding=\"async\" src=\"https:\/\/osaservice.ee\/wp-content\/uploads\/2023\/07\/OSA_Service_Skeem-15.png\" alt=\"\" width=\"\" height=\"0\" loading=\"lazy\"\/><\/div><div class=\"uagb-ifb-title-wrap\"><h2 class=\"uagb-ifb-title\">V\u00e4hem heitgaase, rohkem ringlust<\/h2><\/div><p class=\"uagb-ifb-desc\">Kesksel kohal on kaltsiumkarbonaadi tootmine, mille k\u00e4igus kasutame teistest t\u00f6\u00f6stustest p\u00e4rit CO2-te, sidudes selle p\u00fcsivalt toodetesse. Meie tehas ei tekita heitgaase, kuna p\u00f5letusprotsessi ei toimu. Kasutatav vesi on pidevas ringluses ja k\u00f5ik k\u00f5rvalsaadused kasutatakse \u00e4ra uute toodete loomisel. Lisaks on tehas t\u00e4nu meie innovaatilisele tehnoloogiale v\u00e4ga madala m\u00fcratasemega.<\/p><\/div><\/div>\n<\/div>\n<\/div><\/div>\n\n\n\n<div class=\"wp-block-uagb-container uagb-block-627ecd3d alignfull uagb-is-root-container\"><div class=\"uagb-container-inner-blocks-wrap\">\n<div class=\"wp-block-uagb-container uagb-block-6ea86df7\">\n<div class=\"wp-block-uagb-info-box uagb-block-b5865a8c uagb-infobox__content-wrap  uagb-infobox-icon-above-title uagb-infobox-image-valign-top\"><div class=\"uagb-ifb-content\"><div class=\"uagb-ifb-image-content\"><img decoding=\"async\" src=\"https:\/\/osaservice.ee\/wp-content\/uploads\/2023\/07\/OSA_Service_Skeem-16.png\" alt=\"\" width=\"\" height=\"0\" loading=\"lazy\"\/><\/div><div class=\"uagb-ifb-title-wrap\"><h2 class=\"uagb-ifb-title\">P\u00f5levkivituhk kui tooraine<\/h2><\/div><p class=\"uagb-ifb-desc\">Kogu projekti keskmes olevaks tooraineks on t\u00f6\u00f6stusliku suurj\u00e4\u00e4tme, 600 miljoni tonni elektrit\u00f6\u00f6stuse p\u00f5levkivituha v\u00e4\u00e4rindamine. Lisaks teisase materjali taaskasutamisele v\u00f5imaldab keskkonnas\u00e4\u00e4stlik tootmine v\u00e4hendada ka uute materjalide loodust koormavat kaevandamist.<\/p><\/div><\/div>\n<\/div>\n\n\n\n<div class=\"wp-block-uagb-container uagb-block-b5321c54\">\n<div class=\"wp-block-uagb-info-box uagb-block-a3afd8bc uagb-infobox__content-wrap  uagb-infobox-icon-above-title uagb-infobox-image-valign-top\"><div class=\"uagb-ifb-content\"><div class=\"uagb-ifb-image-content\"><img decoding=\"async\" src=\"https:\/\/osaservice.ee\/wp-content\/uploads\/2023\/07\/OSA_Service_Skeem-17.png\" alt=\"\" width=\"\" height=\"0\" loading=\"lazy\"\/><\/div><div class=\"uagb-ifb-title-wrap\"><h2 class=\"uagb-ifb-title\">Tuleviku t\u00f6\u00f6stus \u2013 s\u00e4\u00e4stvad tehased<\/h2><\/div><p class=\"uagb-ifb-desc\">2025. a valmib Narvas demotehas ning 2031. a t\u00f6\u00f6stusliku mahuga tehas, mis hakkavad esmalt tootma \u00fclipuhast kaltsiumkarbonaati. Hetkel toimub Soomes tehaste projekteerimine ning Narva linn on algatanud t\u00f6\u00f6stusliku tehase rajamiseks detailplaneeringu ning keskkonnam\u00f5jude hindamise.<\/p><\/div><\/div>\n<\/div>\n<\/div><\/div>\n\n\n\n<div class=\"wp-block-uagb-container uagb-block-91d73b0d alignfull uagb-is-root-container\"><div class=\"uagb-container-inner-blocks-wrap\">\n<figure class=\"wp-block-embed is-type-video is-provider-youtube wp-block-embed-youtube wp-embed-aspect-16-9 wp-has-aspect-ratio\"><div class=\"wp-block-embed__wrapper\">\n<iframe loading=\"lazy\" title=\"Kuidas p\u00f5levkivituhkadest saab kliimaneutraalne kaltsiumkarbonaat\" width=\"500\" height=\"281\" src=\"https:\/\/www.youtube.com\/embed\/fG_CQyXrXl8?feature=oembed\" frameborder=\"0\" allow=\"accelerometer; autoplay; clipboard-write; encrypted-media; gyroscope; picture-in-picture; web-share\" referrerpolicy=\"strict-origin-when-cross-origin\" allowfullscreen><\/iframe>\n<\/div><\/figure>\n<\/div><\/div>\n","protected":false},"excerpt":{"rendered":"","protected":false},"author":2,"featured_media":0,"parent":0,"menu_order":0,"comment_status":"closed","ping_status":"closed","template":"","meta":{"_uag_custom_page_level_css":"","site-sidebar-layout":"no-sidebar","site-content-layout":"page-builder","ast-site-content-layout":"default","site-content-style":"default","site-sidebar-style":"default","ast-global-header-display":"","ast-banner-title-visibility":"","ast-main-header-display":"","ast-hfb-above-header-display":"","ast-hfb-below-header-display":"","ast-hfb-mobile-header-display":"","site-post-title":"disabled","ast-breadcrumbs-content":"","ast-featured-img":"","footer-sml-layout":"","ast-disable-related-posts":"","theme-transparent-header-meta":"enabled","adv-header-id-meta":"","stick-header-meta":"","header-above-stick-meta":"","header-main-stick-meta":"","header-below-stick-meta":"","astra-migrate-meta-layouts":"default","ast-page-background-enabled":"default","ast-page-background-meta":{"desktop":{"background-color":"var(--ast-global-color-4)","background-image":"","background-repeat":"repeat","background-position":"center center","background-size":"auto","background-attachment":"scroll","background-type":"","background-media":"","overlay-type":"","overlay-color":"","overlay-opacity":"","overlay-gradient":""},"tablet":{"background-color":"","background-image":"","background-repeat":"repeat","background-position":"center center","background-size":"auto","background-attachment":"scroll","background-type":"","background-media":"","overlay-type":"","overlay-color":"","overlay-opacity":"","overlay-gradient":""},"mobile":{"background-color":"","background-image":"","background-repeat":"repeat","background-position":"center center","background-size":"auto","background-attachment":"scroll","background-type":"","background-media":"","overlay-type":"","overlay-color":"","overlay-opacity":"","overlay-gradient":""}},"ast-content-background-meta":{"desktop":{"background-color":"var(--ast-global-color-5)","background-image":"","background-repeat":"repeat","background-position":"center center","background-size":"auto","background-attachment":"scroll","background-type":"","background-media":"","overlay-type":"","overlay-color":"","overlay-opacity":"","overlay-gradient":""},"tablet":{"background-color":"var(--ast-global-color-5)","background-image":"","background-repeat":"repeat","background-position":"center center","background-size":"auto","background-attachment":"scroll","background-type":"","background-media":"","overlay-type":"","overlay-color":"","overlay-opacity":"","overlay-gradient":""},"mobile":{"background-color":"var(--ast-global-color-5)","background-image":"","background-repeat":"repeat","background-position":"center center","background-size":"auto","background-attachment":"scroll","background-type":"","background-media":"","overlay-type":"","overlay-color":"","overlay-opacity":"","overlay-gradient":""}},"footnotes":""},"class_list":["post-2044","page","type-page","status-publish","hentry"],"uagb_featured_image_src":{"full":false,"thumbnail":false,"medium":false,"medium_large":false,"large":false,"1536x1536":false,"2048x2048":false,"trp-custom-language-flag":false},"uagb_author_info":{"display_name":"Rainer Pesti","author_link":"https:\/\/osaservice.ee\/et\/author\/rainer\/"},"uagb_comment_info":0,"uagb_excerpt":null,"_links":{"self":[{"href":"https:\/\/osaservice.ee\/et\/wp-json\/wp\/v2\/pages\/2044","targetHints":{"allow":["GET"]}}],"collection":[{"href":"https:\/\/osaservice.ee\/et\/wp-json\/wp\/v2\/pages"}],"about":[{"href":"https:\/\/osaservice.ee\/et\/wp-json\/wp\/v2\/types\/page"}],"author":[{"embeddable":true,"href":"https:\/\/osaservice.ee\/et\/wp-json\/wp\/v2\/users\/2"}],"replies":[{"embeddable":true,"href":"https:\/\/osaservice.ee\/et\/wp-json\/wp\/v2\/comments?post=2044"}],"version-history":[{"count":23,"href":"https:\/\/osaservice.ee\/et\/wp-json\/wp\/v2\/pages\/2044\/revisions"}],"predecessor-version":[{"id":2556,"href":"https:\/\/osaservice.ee\/et\/wp-json\/wp\/v2\/pages\/2044\/revisions\/2556"}],"wp:attachment":[{"href":"https:\/\/osaservice.ee\/et\/wp-json\/wp\/v2\/media?parent=2044"}],"curies":[{"name":"wp","href":"https:\/\/api.w.org\/{rel}","templated":true}]}}