{"id":1937,"date":"2023-07-06T14:16:35","date_gmt":"2023-07-06T12:16:35","guid":{"rendered":"https:\/\/uus.osaservice.ee\/?page_id=1937"},"modified":"2023-07-19T10:21:38","modified_gmt":"2023-07-19T08:21:38","slug":"uudised","status":"publish","type":"page","link":"https:\/\/osaservice.ee\/ru\/uudised\/","title":{"rendered":"\u041d\u043e\u0432\u043e\u0441\u0442\u0438"},"content":{"rendered":"<div class=\"wp-block-uagb-container uagb-block-3f0a01c1 alignfull uagb-is-root-container\"><div class=\"uagb-container-inner-blocks-wrap\">\n<div class=\"wp-block-uagb-info-box uagb-block-f5219cb8 uagb-infobox__content-wrap  uagb-infobox-icon-above-title uagb-infobox-image-valign-top\"><div class=\"uagb-ifb-content\"><div class=\"uagb-ifb-title-wrap\"><h1 class=\"uagb-ifb-title\">\u041d\u043e\u0432\u043e\u0441\u0442\u0438<\/h1><\/div><\/div><\/div>\n<\/div><\/div>\n\n\n\n<div style=\"height:30px\" aria-hidden=\"true\" class=\"wp-block-spacer\"><\/div>\n\n\n\n\t\t\t<div class=\"wp-block-uagb-post-grid uagb-post-grid  uagb-post__image-position-top uagb-post__image-enabled uagb-block-b5112664     uagb-post__items uagb-post__columns-3 is-grid uagb-post__columns-tablet-2 uagb-post__columns-mobile-1 uagb-post__equal-height uagb-equal_height_inline-read-more-buttons\" data-total=\"5\" style=\"\">\n\n\t\t\t\t\t\t\t\t\t\t\t\t<article class=\"uagb-post__inner-wrap\">\t\t\t\t\t\t\t\t<h4 class=\"uagb-post__title uagb-post__text\">\n\t\t\t\t<a href=\"https:\/\/osaservice.ee\/ru\/uncategorized\/narva-demotehase-leping-on-solmitud\/\" target=\"_self\" rel=\"bookmark noopener noreferrer\">\u041a\u043e\u043d\u0442\u0440\u0430\u043a\u0442 \u043d\u0430 \u0441\u0442\u0440\u043e\u0438\u0442\u0435\u043b\u044c\u0441\u0442\u0432\u043e \u0434\u0435\u043c\u043e\u043d\u0441\u0442\u0440\u0430\u0446\u0438\u043e\u043d\u043d\u043e\u0433\u043e \u0437\u0430\u0432\u043e\u0434\u0430 \u0432 \u041d\u0430\u0440\u0432\u0435 \u043f\u043e\u0434\u043f\u0438\u0441\u0430\u043d<\/a>\n\t\t\t<\/h4>\n\t\t\t\t\t\t<div class='uagb-post__text uagb-post-grid-byline'>\n\t\t\t\t\t\t\t\t<time datetime=\"2025-07-08T13:55:01+02:00\" class=\"uagb-post__date\">\n\t\t\t\t\t\t\t\t\t8. \u0418\u044e\u043b 2025\t\t\t\t<\/time>\n\t\t\t\t\t\t<\/div>\n\t\t\t\t\t\t\t<div class='uagb-post__text uagb-post__excerpt'>\n\t\t\t\t\t<p>Ragn-Sells gruppi kuuluv R-S OSA Service allkirjastas rendilepingu Ida-Viru Investeeringute Agentuuriga (IVIA), mille p\u00f5hjal alustab&#8230;\t\t\t\t<\/div>\n\t\t\t\t\t\t<div class=\"uagb-post__text uagb-post__cta wp-block-button\">\n\t\t\t\t<a class=\"wp-block-button__link uagb-text-link\" style=\"\" href=\"https:\/\/osaservice.ee\/ru\/uncategorized\/narva-demotehase-leping-on-solmitud\/\" target=\"_self\" rel=\"bookmark noopener noreferrer\">Loe edasi<\/a>\n\t\t\t<\/div>\n\t\t\t\n\t\t\t\t\t\t\t\t\t<\/article>\n\t\t\t\t\t\t\t\t\t\t\t\t\t\t\t\t<article class=\"uagb-post__inner-wrap\">\t\t\t\t\t\t\t\t<div class='uagb-post__image'>\n\t\t\t\t\t\t\t\t\t<a href=\"https:\/\/osaservice.ee\/ru\/tooted\/testid-onnestusid-polevkivituhast-saab-toota-varvi\/\" target=\"_self\" rel=\"bookmark noopener noreferrer\" class='uagb-image-ratio-2-3'><img loading=\"lazy\" decoding=\"async\" width=\"1024\" height=\"643\" src=\"https:\/\/osaservice.ee\/wp-content\/uploads\/2024\/02\/AdobeStock_642953345-1024x643.jpeg\" class=\"attachment-large size-large\" alt=\"\" srcset=\"https:\/\/osaservice.ee\/wp-content\/uploads\/2024\/02\/AdobeStock_642953345-1024x643.jpeg 1024w, https:\/\/osaservice.ee\/wp-content\/uploads\/2024\/02\/AdobeStock_642953345-300x188.jpeg 300w, https:\/\/osaservice.ee\/wp-content\/uploads\/2024\/02\/AdobeStock_642953345-768x483.jpeg 768w, https:\/\/osaservice.ee\/wp-content\/uploads\/2024\/02\/AdobeStock_642953345-1536x965.jpeg 1536w, https:\/\/osaservice.ee\/wp-content\/uploads\/2024\/02\/AdobeStock_642953345-2048x1287.jpeg 2048w, https:\/\/osaservice.ee\/wp-content\/uploads\/2024\/02\/AdobeStock_642953345-18x12.jpeg 18w\" sizes=\"auto, (max-width: 1024px) 100vw, 1024px\" \/>\t\t\t\t\t<\/a>\n\t\t\t\t\t\t\t<\/div>\n\t\t\t\t\t\t<h4 class=\"uagb-post__title uagb-post__text\">\n\t\t\t\t<a href=\"https:\/\/osaservice.ee\/ru\/tooted\/testid-onnestusid-polevkivituhast-saab-toota-varvi\/\" target=\"_self\" rel=\"bookmark noopener noreferrer\">\u0418\u0441\u043f\u044b\u0442\u0430\u043d\u0438\u044f \u043f\u0440\u043e\u0448\u043b\u0438 \u0443\u0441\u043f\u0435\u0448\u043d\u043e: \u0418\u0437 \u0441\u043b\u0430\u043d\u0446\u0435\u0432\u043e\u0439 \u0437\u043e\u043b\u044b \u043c\u043e\u0436\u043d\u043e \u043f\u0440\u043e\u0438\u0437\u0432\u043e\u0434\u0438\u0442\u044c \u043a\u0440\u0430\u0441\u043a\u0443<\/a>\n\t\t\t<\/h4>\n\t\t\t\t\t\t<div class='uagb-post__text uagb-post-grid-byline'>\n\t\t\t\t\t\t\t\t<time datetime=\"2024-03-07T07:30:00+02:00\" class=\"uagb-post__date\">\n\t\t\t\t\t\t\t\t\t7. \u041c\u0430\u0440 2024\t\t\t\t<\/time>\n\t\t\t\t\t\t<\/div>\n\t\t\t\t\t\t\t<div class='uagb-post__text uagb-post__excerpt'>\n\t\t\t\t\t\u041d\u0430 \u0444\u043e\u0442\u043e: \u041f\u0435\u0440\u0432\u0430\u044f \u0431\u0430\u043d\u043a\u0430 \u043a\u0440\u0430\u0441\u043a\u0438 \u0438 \u0442\u0435\u0441\u0442\u0435\u0440, \u043a\u043e\u0442\u043e\u0440\u044b\u0435 \u043f\u043e\u0434\u0442\u0432\u0435\u0440\u0436\u0434\u0430\u044e\u0442, \u0447\u0442\u043e \u0441\u043b\u0430\u043d\u0446\u0435\u0432\u0430\u044f \u0437\u043e\u043b\u0430 \u043f\u043e\u0434\u0445\u043e\u0434\u0438\u0442 \u0434\u043b\u044f \u043f\u0440\u043e\u0438\u0437\u0432\u043e\u0434\u0441\u0442\u0432\u0430 \u0431\u0435\u043b\u043e\u0439 \u043f\u043e\u0440\u043e\u0448\u043a\u043e\u0432\u043e\u0439 \u043a\u0440\u0430\u0441\u043a\u0438.\t\t\t\t<\/div>\n\t\t\t\t\t\t<div class=\"uagb-post__text uagb-post__cta wp-block-button\">\n\t\t\t\t<a class=\"wp-block-button__link uagb-text-link\" style=\"\" href=\"https:\/\/osaservice.ee\/ru\/tooted\/testid-onnestusid-polevkivituhast-saab-toota-varvi\/\" target=\"_self\" rel=\"bookmark noopener noreferrer\">Loe edasi<\/a>\n\t\t\t<\/div>\n\t\t\t\n\t\t\t\t\t\t\t\t\t<\/article>\n\t\t\t\t\t\t\t\t\t\t\t\t\t\t\t\t<article class=\"uagb-post__inner-wrap\">\t\t\t\t\t\t\t\t<div class='uagb-post__image'>\n\t\t\t\t\t\t\t\t\t<a href=\"https:\/\/osaservice.ee\/ru\/uncategorized\/ragn-sells-osa-cop28-on-suuresti-viimane-voimalus-solmida-kokkuleppeid-kliimakatastroofi-valtimiseks\/\" target=\"_self\" rel=\"bookmark noopener noreferrer\" class='uagb-image-ratio-2-3'><img loading=\"lazy\" decoding=\"async\" width=\"1024\" height=\"643\" src=\"https:\/\/osaservice.ee\/wp-content\/uploads\/2023\/11\/COP28-2-1024x643.png\" class=\"attachment-large size-large\" alt=\"\" srcset=\"https:\/\/osaservice.ee\/wp-content\/uploads\/2023\/11\/COP28-2-1024x643.png 1024w, https:\/\/osaservice.ee\/wp-content\/uploads\/2023\/11\/COP28-2-300x188.png 300w, https:\/\/osaservice.ee\/wp-content\/uploads\/2023\/11\/COP28-2-768x482.png 768w, https:\/\/osaservice.ee\/wp-content\/uploads\/2023\/11\/COP28-2-1536x964.png 1536w, https:\/\/osaservice.ee\/wp-content\/uploads\/2023\/11\/COP28-2-18x12.png 18w, https:\/\/osaservice.ee\/wp-content\/uploads\/2023\/11\/COP28-2.png 1706w\" sizes=\"auto, (max-width: 1024px) 100vw, 1024px\" \/>\t\t\t\t\t<\/a>\n\t\t\t\t\t\t\t<\/div>\n\t\t\t\t\t\t<h4 class=\"uagb-post__title uagb-post__text\">\n\t\t\t\t<a href=\"https:\/\/osaservice.ee\/ru\/uncategorized\/ragn-sells-osa-cop28-on-suuresti-viimane-voimalus-solmida-kokkuleppeid-kliimakatastroofi-valtimiseks\/\" target=\"_self\" rel=\"bookmark noopener noreferrer\">Ragn-Sells &amp; OSA: COP28 \u0432 \u0437\u043d\u0430\u0447\u0438\u0442\u0435\u043b\u044c\u043d\u043e\u0439 \u0441\u0442\u0435\u043f\u0435\u043d\u0438 \u044f\u0432\u043b\u044f\u0435\u0442\u0441\u044f \u043f\u043e\u0441\u043b\u0435\u0434\u043d\u0435\u0439 \u0432\u043e\u0437\u043c\u043e\u0436\u043d\u043e\u0441\u0442\u044c\u044e \u0437\u0430\u043a\u043b\u044e\u0447\u0438\u0442\u044c \u0441\u043e\u0433\u043b\u0430\u0448\u0435\u043d\u0438\u044f \u0434\u043b\u044f \u043f\u0440\u0435\u0434\u043e\u0442\u0432\u0440\u0430\u0449\u0435\u043d\u0438\u044f \u043a\u043b\u0438\u043c\u0430\u0442\u0438\u0447\u0435\u0441\u043a\u043e\u0439 \u043a\u0430\u0442\u0430\u0441\u0442\u0440\u043e\u0444\u044b<\/a>\n\t\t\t<\/h4>\n\t\t\t\t\t\t<div class='uagb-post__text uagb-post-grid-byline'>\n\t\t\t\t\t\t\t\t<time datetime=\"2023-11-28T14:38:00+02:00\" class=\"uagb-post__date\">\n\t\t\t\t\t\t\t\t\t28. \u041d\u043e\u044f 2023\t\t\t\t<\/time>\n\t\t\t\t\t\t<\/div>\n\t\t\t\t\t\t\t<div class='uagb-post__text uagb-post__excerpt'>\n\t\t\t\t\t<p>\u042d\u043a\u043e\u043b\u043e\u0433\u0438\u0447\u0435\u0441\u043a\u0430\u044f \u043a\u043e\u043c\u043f\u0430\u043d\u0438\u044f Ragn-Sells \u0443\u0447\u0430\u0441\u0442\u0432\u0443\u0435\u0442 \u0432 \u043a\u043b\u0438\u043c\u0430\u0442\u0438\u0447\u0435\u0441\u043a\u043e\u0439 \u043a\u043e\u043d\u0444\u0435\u0440\u0435\u043d\u0446\u0438\u0438 \u041e\u041e\u041d COP28, \u043a\u0430\u043a \u0432 \u0441\u043e\u0441\u0442\u0430\u0432\u0435 \u0448\u0432\u0435\u0434\u0441\u043a\u043e\u0439 \u0434\u0435\u043b\u0435\u0433\u0430\u0446\u0438\u0438, \u0442\u0430\u043a \u0438 \u0438\u0441\u0442\u043e\u0440\u0438\u0447\u0435\u0441\u043a\u0438...\t\t\t\t<\/div>\n\t\t\t\t\t\t<div class=\"uagb-post__text uagb-post__cta wp-block-button\">\n\t\t\t\t<a class=\"wp-block-button__link uagb-text-link\" style=\"\" href=\"https:\/\/osaservice.ee\/ru\/uncategorized\/ragn-sells-osa-cop28-on-suuresti-viimane-voimalus-solmida-kokkuleppeid-kliimakatastroofi-valtimiseks\/\" target=\"_self\" rel=\"bookmark noopener noreferrer\">Loe edasi<\/a>\n\t\t\t<\/div>\n\t\t\t\n\t\t\t\t\t\t\t\t\t<\/article>\n\t\t\t\t\t\t\t\t\t\t\t\t\t\t\t\t<article class=\"uagb-post__inner-wrap\">\t\t\t\t\t\t\t\t<div class='uagb-post__image'>\n\t\t\t\t\t\t\t\t\t<a href=\"https:\/\/osaservice.ee\/ru\/tuhamaed\/ahtme-tuhamae-leiud-kaivitasid-toorainepankade-suurprojekti\/\" target=\"_self\" rel=\"bookmark noopener noreferrer\" class='uagb-image-ratio-2-3'><img loading=\"lazy\" decoding=\"async\" width=\"1024\" height=\"683\" src=\"https:\/\/osaservice.ee\/wp-content\/uploads\/2023\/07\/uus-pilt-Polevkivist-ja-polevkivituhast-1024x683.jpg\" class=\"attachment-large size-large\" alt=\"\" srcset=\"https:\/\/osaservice.ee\/wp-content\/uploads\/2023\/07\/uus-pilt-Polevkivist-ja-polevkivituhast-1024x683.jpg 1024w, https:\/\/osaservice.ee\/wp-content\/uploads\/2023\/07\/uus-pilt-Polevkivist-ja-polevkivituhast-300x200.jpg 300w, https:\/\/osaservice.ee\/wp-content\/uploads\/2023\/07\/uus-pilt-Polevkivist-ja-polevkivituhast-768x512.jpg 768w, https:\/\/osaservice.ee\/wp-content\/uploads\/2023\/07\/uus-pilt-Polevkivist-ja-polevkivituhast-18x12.jpg 18w, https:\/\/osaservice.ee\/wp-content\/uploads\/2023\/07\/uus-pilt-Polevkivist-ja-polevkivituhast.jpg 1296w\" sizes=\"auto, (max-width: 1024px) 100vw, 1024px\" \/>\t\t\t\t\t<\/a>\n\t\t\t\t\t\t\t<\/div>\n\t\t\t\t\t\t<h4 class=\"uagb-post__title uagb-post__text\">\n\t\t\t\t<a href=\"https:\/\/osaservice.ee\/ru\/tuhamaed\/ahtme-tuhamae-leiud-kaivitasid-toorainepankade-suurprojekti\/\" target=\"_self\" rel=\"bookmark noopener noreferrer\">\u041d\u0430\u0445\u043e\u0434\u043a\u0438 \u043d\u0430 \u0437\u043e\u043b\u043e\u043e\u0442\u0432\u0430\u043b\u0435 \u0410\u0445\u0442\u043c\u0435 \u0437\u0430\u043f\u0443\u0441\u0442\u0438\u043b\u0438 \u043a\u0440\u0443\u043f\u043d\u044b\u0439 \u043f\u0440\u043e\u0435\u043a\u0442 \u043f\u043e \u0431\u0430\u043d\u043a\u0430\u043c \u0441\u044b\u0440\u044c\u044f<\/a>\n\t\t\t<\/h4>\n\t\t\t\t\t\t<div class='uagb-post__text uagb-post-grid-byline'>\n\t\t\t\t\t\t\t\t<time datetime=\"2023-06-22T14:16:43+02:00\" class=\"uagb-post__date\">\n\t\t\t\t\t\t\t\t\t22. \u0418\u044e\u043d 2023\t\t\t\t<\/time>\n\t\t\t\t\t\t<\/div>\n\t\t\t\t\t\t\t<div class='uagb-post__text uagb-post__excerpt'>\n\t\t\t\t\tRagn-Sellsi edukad puurimist\u00f6\u00f6d Ahtme vanal tuham\u00e4el panid aluse Tartu \u00dclikooli ulatuslikule teadusprojektile, mille eesm\u00e4rk on&#8230;\t\t\t\t<\/div>\n\t\t\t\t\t\t<div class=\"uagb-post__text uagb-post__cta wp-block-button\">\n\t\t\t\t<a class=\"wp-block-button__link uagb-text-link\" style=\"\" href=\"https:\/\/osaservice.ee\/ru\/tuhamaed\/ahtme-tuhamae-leiud-kaivitasid-toorainepankade-suurprojekti\/\" target=\"_self\" rel=\"bookmark noopener noreferrer\">Loe edasi<\/a>\n\t\t\t<\/div>\n\t\t\t\n\t\t\t\t\t\t\t\t\t<\/article>\n\t\t\t\t\t\t\t\t\t\t\t\t\t\t\t\t<article class=\"uagb-post__inner-wrap\">\t\t\t\t\t\t\t\t<div class='uagb-post__image'>\n\t\t\t\t\t\t\t\t\t<a href=\"https:\/\/osaservice.ee\/ru\/ehitus\/ragn-sellsi-polevkivituhkade-vaarindamise-tehase-ehitusjuht-on-kady-parnaku\/\" target=\"_self\" rel=\"bookmark noopener noreferrer\" class='uagb-image-ratio-2-3'><img loading=\"lazy\" decoding=\"async\" width=\"1024\" height=\"683\" src=\"https:\/\/osaservice.ee\/wp-content\/uploads\/2022\/12\/RAGN_SELLS_portP-8-2-1024x683.jpg\" class=\"attachment-large size-large\" alt=\"\" srcset=\"https:\/\/osaservice.ee\/wp-content\/uploads\/2022\/12\/RAGN_SELLS_portP-8-2-1024x683.jpg 1024w, https:\/\/osaservice.ee\/wp-content\/uploads\/2022\/12\/RAGN_SELLS_portP-8-2-300x200.jpg 300w, https:\/\/osaservice.ee\/wp-content\/uploads\/2022\/12\/RAGN_SELLS_portP-8-2-768x512.jpg 768w, https:\/\/osaservice.ee\/wp-content\/uploads\/2022\/12\/RAGN_SELLS_portP-8-2-1536x1024.jpg 1536w, https:\/\/osaservice.ee\/wp-content\/uploads\/2022\/12\/RAGN_SELLS_portP-8-2-2048x1366.jpg 2048w, https:\/\/osaservice.ee\/wp-content\/uploads\/2022\/12\/RAGN_SELLS_portP-8-2-18x12.jpg 18w\" sizes=\"auto, (max-width: 1024px) 100vw, 1024px\" \/>\t\t\t\t\t<\/a>\n\t\t\t\t\t\t\t<\/div>\n\t\t\t\t\t\t<h4 class=\"uagb-post__title uagb-post__text\">\n\t\t\t\t<a href=\"https:\/\/osaservice.ee\/ru\/ehitus\/ragn-sellsi-polevkivituhkade-vaarindamise-tehase-ehitusjuht-on-kady-parnaku\/\" target=\"_self\" rel=\"bookmark noopener noreferrer\">Ragn-Sellsi p\u00f5levkivituhkade v\u00e4\u00e4rindamise tehase ehitusjuht on Kady P\u00e4rnaku<\/a>\n\t\t\t<\/h4>\n\t\t\t\t\t\t<div class='uagb-post__text uagb-post-grid-byline'>\n\t\t\t\t\t\t\t\t<time datetime=\"2022-12-16T11:37:41+02:00\" class=\"uagb-post__date\">\n\t\t\t\t\t\t\t\t\t16. \u0414\u0435\u043a 2022\t\t\t\t<\/time>\n\t\t\t\t\t\t<\/div>\n\t\t\t\t\t\t\t<div class='uagb-post__text uagb-post__excerpt'>\n\t\t\t\t\t<p>Ragn-Sellsi OSA projektiga on liitunud rahvusvaheliste kogemustega ehitusjuht Kady P\u00e4rnaku, kelle eestvedamisel hakatakse praeguste plaanide&#8230;\t\t\t\t<\/div>\n\t\t\t\t\t\t<div class=\"uagb-post__text uagb-post__cta wp-block-button\">\n\t\t\t\t<a class=\"wp-block-button__link uagb-text-link\" style=\"\" href=\"https:\/\/osaservice.ee\/ru\/ehitus\/ragn-sellsi-polevkivituhkade-vaarindamise-tehase-ehitusjuht-on-kady-parnaku\/\" target=\"_self\" rel=\"bookmark noopener noreferrer\">Loe edasi<\/a>\n\t\t\t<\/div>\n\t\t\t\n\t\t\t\t\t\t\t\t\t<\/article>\n\t\t\t\t\t\t\t\t\t\t\t\t\t\t\t\t<article class=\"uagb-post__inner-wrap\">\t\t\t\t\t\t\t\t<div class='uagb-post__image'>\n\t\t\t\t\t\t\t\t\t<a href=\"https:\/\/osaservice.ee\/ru\/sundmused\/ragn-sells-cop27-l-votke-eestist-eeskuju-ja-muutke-oma-tuhamaed-toorainepankadeks\/\" target=\"_self\" rel=\"bookmark noopener noreferrer\" class='uagb-image-ratio-2-3'><img loading=\"lazy\" decoding=\"async\" width=\"1024\" height=\"683\" src=\"https:\/\/osaservice.ee\/wp-content\/uploads\/2022\/11\/Saluste-paremal-1-1024x683.jpg\" class=\"attachment-large size-large\" alt=\"\" srcset=\"https:\/\/osaservice.ee\/wp-content\/uploads\/2022\/11\/Saluste-paremal-1-1024x683.jpg 1024w, https:\/\/osaservice.ee\/wp-content\/uploads\/2022\/11\/Saluste-paremal-1-300x200.jpg 300w, https:\/\/osaservice.ee\/wp-content\/uploads\/2022\/11\/Saluste-paremal-1-768x512.jpg 768w, https:\/\/osaservice.ee\/wp-content\/uploads\/2022\/11\/Saluste-paremal-1-1536x1024.jpg 1536w, https:\/\/osaservice.ee\/wp-content\/uploads\/2022\/11\/Saluste-paremal-1-18x12.jpg 18w, https:\/\/osaservice.ee\/wp-content\/uploads\/2022\/11\/Saluste-paremal-1.jpg 1726w\" sizes=\"auto, (max-width: 1024px) 100vw, 1024px\" \/>\t\t\t\t\t<\/a>\n\t\t\t\t\t\t\t<\/div>\n\t\t\t\t\t\t<h4 class=\"uagb-post__title uagb-post__text\">\n\t\t\t\t<a href=\"https:\/\/osaservice.ee\/ru\/sundmused\/ragn-sells-cop27-l-votke-eestist-eeskuju-ja-muutke-oma-tuhamaed-toorainepankadeks\/\" target=\"_self\" rel=\"bookmark noopener noreferrer\">Ragn-Sells COP27-l: v\u00f5tke Eestist eeskuju ja muutke oma tuham\u00e4ed toorainepankadeks<\/a>\n\t\t\t<\/h4>\n\t\t\t\t\t\t<div class='uagb-post__text uagb-post-grid-byline'>\n\t\t\t\t\t\t\t\t<time datetime=\"2022-11-18T11:47:11+02:00\" class=\"uagb-post__date\">\n\t\t\t\t\t\t\t\t\t18. \u041d\u043e\u044f 2022\t\t\t\t<\/time>\n\t\t\t\t\t\t<\/div>\n\t\t\t\t\t\t\t<div class='uagb-post__text uagb-post__excerpt'>\n\t\t\t\t\tRagn-Sellsi p\u00f5levkivituhkade v\u00e4\u00e4rindamise projekti juht Alar Saluste tegi Egiptuses \u00dcRO kliimakonverentsil COP27 \u00fcleskutse: v\u00f5tke Eestist&#8230;\t\t\t\t<\/div>\n\t\t\t\t\t\t<div class=\"uagb-post__text uagb-post__cta wp-block-button\">\n\t\t\t\t<a class=\"wp-block-button__link uagb-text-link\" style=\"\" href=\"https:\/\/osaservice.ee\/ru\/sundmused\/ragn-sells-cop27-l-votke-eestist-eeskuju-ja-muutke-oma-tuhamaed-toorainepankadeks\/\" target=\"_self\" rel=\"bookmark noopener noreferrer\">Loe edasi<\/a>\n\t\t\t<\/div>\n\t\t\t\n\t\t\t\t\t\t\t\t\t<\/article>\n\t\t\t\t\t\t\t\t\t\t\t\t\t<div class=\"uagb-post-pagination-wrap\">\n\t\t\t\t\t\t<span aria-current=\"page\" class=\"page-numbers current\">1<\/span>\n<a class=\"page-numbers\" href=\"https:\/\/osaservice.ee\/ru\/wp-json\/wp\/v2\/pages\/1937\/page\/2\/\">2<\/a>\n<a class=\"page-numbers\" href=\"https:\/\/osaservice.ee\/ru\/wp-json\/wp\/v2\/pages\/1937\/page\/3\/\">3<\/a>\n<a class=\"page-numbers\" href=\"https:\/\/osaservice.ee\/ru\/wp-json\/wp\/v2\/pages\/1937\/page\/4\/\">4<\/a>\n<a class=\"page-numbers\" href=\"https:\/\/osaservice.ee\/ru\/wp-json\/wp\/v2\/pages\/1937\/page\/5\/\">5<\/a>\n<a class=\"next page-numbers\" href=\"https:\/\/osaservice.ee\/ru\/wp-json\/wp\/v2\/pages\/1937\/page\/2\/\">Next \u00bb<\/a>\t\t\t\t\t<\/div>\n\t\t\t\t\t\t\t\t<\/div>","protected":false},"excerpt":{"rendered":"","protected":false},"author":2,"featured_media":0,"parent":0,"menu_order":0,"comment_status":"closed","ping_status":"closed","template":"","meta":{"_uag_custom_page_level_css":"","site-sidebar-layout":"no-sidebar","site-content-layout":"page-builder","ast-site-content-layout":"default","site-content-style":"default","site-sidebar-style":"default","ast-global-header-display":"","ast-banner-title-visibility":"","ast-main-header-display":"","ast-hfb-above-header-display":"","ast-hfb-below-header-display":"","ast-hfb-mobile-header-display":"","site-post-title":"disabled","ast-breadcrumbs-content":"","ast-featured-img":"","footer-sml-layout":"","ast-disable-related-posts":"","theme-transparent-header-meta":"enabled","adv-header-id-meta":"","stick-header-meta":"","header-above-stick-meta":"","header-main-stick-meta":"","header-below-stick-meta":"","astra-migrate-meta-layouts":"default","ast-page-background-enabled":"default","ast-page-background-meta":{"desktop":{"background-color":"var(--ast-global-color-4)","background-image":"","background-repeat":"repeat","background-position":"center center","background-size":"auto","background-attachment":"scroll","background-type":"","background-media":"","overlay-type":"","overlay-color":"","overlay-opacity":"","overlay-gradient":""},"tablet":{"background-color":"","background-image":"","background-repeat":"repeat","background-position":"center center","background-size":"auto","background-attachment":"scroll","background-type":"","background-media":"","overlay-type":"","overlay-color":"","overlay-opacity":"","overlay-gradient":""},"mobile":{"background-color":"","background-image":"","background-repeat":"repeat","background-position":"center center","background-size":"auto","background-attachment":"scroll","background-type":"","background-media":"","overlay-type":"","overlay-color":"","overlay-opacity":"","overlay-gradient":""}},"ast-content-background-meta":{"desktop":{"background-color":"var(--ast-global-color-5)","background-image":"","background-repeat":"repeat","background-position":"center center","background-size":"auto","background-attachment":"scroll","background-type":"","background-media":"","overlay-type":"","overlay-color":"","overlay-opacity":"","overlay-gradient":""},"tablet":{"background-color":"var(--ast-global-color-5)","background-image":"","background-repeat":"repeat","background-position":"center center","background-size":"auto","background-attachment":"scroll","background-type":"","background-media":"","overlay-type":"","overlay-color":"","overlay-opacity":"","overlay-gradient":""},"mobile":{"background-color":"var(--ast-global-color-5)","background-image":"","background-repeat":"repeat","background-position":"center center","background-size":"auto","background-attachment":"scroll","background-type":"","background-media":"","overlay-type":"","overlay-color":"","overlay-opacity":"","overlay-gradient":""}},"footnotes":""},"class_list":["post-1937","page","type-page","status-publish","hentry"],"uagb_featured_image_src":{"full":false,"thumbnail":false,"medium":false,"medium_large":false,"large":false,"1536x1536":false,"2048x2048":false,"trp-custom-language-flag":false},"uagb_author_info":{"display_name":"Rainer Pesti","author_link":"https:\/\/osaservice.ee\/ru\/author\/rainer\/"},"uagb_comment_info":0,"uagb_excerpt":null,"_links":{"self":[{"href":"https:\/\/osaservice.ee\/ru\/wp-json\/wp\/v2\/pages\/1937","targetHints":{"allow":["GET"]}}],"collection":[{"href":"https:\/\/osaservice.ee\/ru\/wp-json\/wp\/v2\/pages"}],"about":[{"href":"https:\/\/osaservice.ee\/ru\/wp-json\/wp\/v2\/types\/page"}],"author":[{"embeddable":true,"href":"https:\/\/osaservice.ee\/ru\/wp-json\/wp\/v2\/users\/2"}],"replies":[{"embeddable":true,"href":"https:\/\/osaservice.ee\/ru\/wp-json\/wp\/v2\/comments?post=1937"}],"version-history":[{"count":14,"href":"https:\/\/osaservice.ee\/ru\/wp-json\/wp\/v2\/pages\/1937\/revisions"}],"predecessor-version":[{"id":2561,"href":"https:\/\/osaservice.ee\/ru\/wp-json\/wp\/v2\/pages\/1937\/revisions\/2561"}],"wp:attachment":[{"href":"https:\/\/osaservice.ee\/ru\/wp-json\/wp\/v2\/media?parent=1937"}],"curies":[{"name":"wp","href":"https:\/\/api.w.org\/{rel}","templated":true}]}}